{"id":191,"date":"2017-03-02T10:02:52","date_gmt":"2017-03-02T09:02:52","guid":{"rendered":"http:\/\/cedro.sk\/?page_id=191"},"modified":"2024-03-01T07:58:40","modified_gmt":"2024-03-01T06:58:40","slug":"kontakt","status":"publish","type":"page","link":"https:\/\/cedro.sk\/ua\/kontakt\/","title":{"rendered":"\u041a\u043e\u043d\u0442\u0430\u043a\u0442\u043d\u0438\u0439 \u0444\u043e\u0440\u043c\u0443\u043b\u044f\u0440"},"content":{"rendered":"<p><\/p>\n<p><img loading=\"lazy\" class=\"alignleft size-full wp-image-192\" src=\"http:\/\/cedro.sk\/wp-content\/uploads\/2017\/03\/vlajky_1.jpg\" alt=\"\" width=\"358\" height=\"135\" \/><\/p>\n<p><strong>Cedro I. spol. sr.o.<\/strong><br \/>\nStarokol\u00ednsk\u00e1 407<br \/>\n190 16 Praha<br \/>\nPhone: +420 603 411 973<br \/>\ne-mail: cedro@cedro.cz<\/p>\n<p><img loading=\"lazy\" class=\"alignleft size-full wp-image-193\" src=\"http:\/\/cedro.sk\/wp-content\/uploads\/2017\/03\/vlajky_2.jpg\" alt=\"\" width=\"358\" height=\"134\" \/><\/p>\n<p><strong>Cedro I. s.r.o.<\/strong><br \/>\nNovoz\u00e1mock\u00e1 1178\/1<br \/>\n942 01 \u0160urany<br \/>\nPhone: +421 908 770 712<br \/>\ne-mail: cedro@cedro.sk<\/p>\n<\/p>\n<p><img loading=\"lazy\" class=\"alignleft size-full wp-image-194\" style=\"text-align: justify;\" src=\"http:\/\/cedro.sk\/wp-content\/uploads\/2017\/03\/vlajky_3.jpg\" alt=\"\" width=\"358\" height=\"139\" \/><strong>Cedro Commercial s.r.l.<\/strong><br \/>\nStr. George Enescu 27<br \/>\n315 500 N\u0103dlac<br \/>\nPhone: +40 758 027 211,\u00a0+40 758 027 214<br \/>\ne-mail: cedro@cedro.ro<\/p>\n<\/p>\n<p>\u041a\u043e\u043d\u0442\u0430\u043a\u0442\u043d\u0438\u0439 \u0444\u043e\u0440\u043c\u0443\u043b\u044f\u0440<br \/>\n<div role=\"form\" class=\"wpcf7\" id=\"wpcf7-f202-o5\" lang=\"cs-CS\" dir=\"ltr\">\n<div class=\"screen-reader-response\"><p role=\"status\" aria-live=\"polite\" aria-atomic=\"true\"><\/p> <ul><\/ul><\/div>\n<form action=\"\/ua\/wp-json\/wp\/v2\/pages\/191#wpcf7-f202-o5\" method=\"post\" class=\"wpcf7-form init\" novalidate=\"novalidate\" data-status=\"init\">\n<div style=\"display: none;\">\n<input type=\"hidden\" name=\"_wpcf7\" value=\"202\" \/>\n<input type=\"hidden\" name=\"_wpcf7_version\" value=\"5.3.2\" \/>\n<input type=\"hidden\" name=\"_wpcf7_locale\" value=\"cs_CS\" \/>\n<input type=\"hidden\" name=\"_wpcf7_unit_tag\" value=\"wpcf7-f202-o5\" \/>\n<input type=\"hidden\" name=\"_wpcf7_container_post\" value=\"0\" \/>\n<input type=\"hidden\" name=\"_wpcf7_posted_data_hash\" value=\"\" \/>\n<input type=\"hidden\" name=\"_wpcf7_recaptcha_response\" value=\"\" \/>\n<\/div>\n<p><label> \u0422\u0432\u043e\u0454 \u0456\u043c'\u044f (\u0432\u0438\u043c\u0430\u0433\u0430\u0454\u0442\u044c\u0441\u044f)<br \/>\n    <span class=\"wpcf7-form-control-wrap your-name\"><input type=\"text\" name=\"your-name\" value=\"\" size=\"40\" class=\"wpcf7-form-control wpcf7-text wpcf7-validates-as-required\" aria-required=\"true\" aria-invalid=\"false\" \/><\/span> <\/label><\/p>\n<p><label> e-mail (\u0432\u0438\u043c\u0430\u0433\u0430\u0454\u0442\u044c\u0441\u044f)<br \/>\n    <span class=\"wpcf7-form-control-wrap your-email\"><input type=\"email\" name=\"your-email\" value=\"\" size=\"40\" class=\"wpcf7-form-control wpcf7-text wpcf7-email wpcf7-validates-as-required wpcf7-validates-as-email\" aria-required=\"true\" aria-invalid=\"false\" \/><\/span> <\/label><\/p>\n<p><label> \u0422ema<br \/>\n    <span class=\"wpcf7-form-control-wrap your-subject\"><input type=\"text\" name=\"your-subject\" value=\"\" size=\"40\" class=\"wpcf7-form-control wpcf7-text\" aria-invalid=\"false\" \/><\/span> <\/label><\/p>\n<p><label> \u0412\u0430\u0448\u0435 \u043f\u043e\u0432\u0456\u0434\u043e\u043c\u043b\u0435\u043d\u043d\u044f<br \/>\n    <span class=\"wpcf7-form-control-wrap your-message\"><textarea name=\"your-message\" cols=\"40\" rows=\"10\" class=\"wpcf7-form-control wpcf7-textarea\" aria-invalid=\"false\"><\/textarea><\/span> <\/label><\/p>\n<p><input type=\"hidden\" name=\"contact_form_7_recaptcha\" value=\"g-recaptcha-3Cwo3rhgTWwVX2b\" class=\"g-recaptcha-explicit-id\"><div id=\"g-recaptcha-3Cwo3rhgTWwVX2b\"><\/div><span class=\"wpcf7-form-control-wrap g-recaptcha-explicit\" data-sitekey=\"6Ld3bxcUAAAAAHBkPkuJsj6vCaCsZ_SpKDxSeNpE\"><\/span><br \/>\n<input type=\"submit\" value=\"Send\" class=\"wpcf7-form-control wpcf7-submit\" \/><\/p>\n<div class=\"wpcf7-response-output\" aria-hidden=\"true\"><\/div><\/form><\/div><\/p>\n<\/p>\n<p><\/p>","protected":false},"excerpt":{"rendered":"<p>Cedro I. spol. sr.o. Starokol\u00ednsk\u00e1 407 190 16 Praha Phone: +420 603 411 973 e-mail: cedro@cedro.cz Cedro I. s.r.o. Novoz\u00e1mock\u00e1 1178\/1 942 01 \u0160urany Phone: +421 908 770 712 e-mail: cedro@cedro.sk Cedro Commercial s.r.l. Str. George Enescu 27 315 500 N\u0103dlac Phone: +40 758 027 211,\u00a0+40 758 027 214 e-mail: cedro@cedro.ro \u041a\u043e\u043d\u0442\u0430\u043a\u0442\u043d\u0438\u0439 \u0444\u043e\u0440\u043c\u0443\u043b\u044f\u0440<\/p>\n","protected":false},"author":1,"featured_media":0,"parent":0,"menu_order":4,"comment_status":"closed","ping_status":"closed","template":"","meta":[],"_links":{"self":[{"href":"https:\/\/cedro.sk\/ua\/wp-json\/wp\/v2\/pages\/191"}],"collection":[{"href":"https:\/\/cedro.sk\/ua\/wp-json\/wp\/v2\/pages"}],"about":[{"href":"https:\/\/cedro.sk\/ua\/wp-json\/wp\/v2\/types\/page"}],"author":[{"embeddable":true,"href":"https:\/\/cedro.sk\/ua\/wp-json\/wp\/v2\/users\/1"}],"replies":[{"embeddable":true,"href":"https:\/\/cedro.sk\/ua\/wp-json\/wp\/v2\/comments?post=191"}],"version-history":[{"count":22,"href":"https:\/\/cedro.sk\/ua\/wp-json\/wp\/v2\/pages\/191\/revisions"}],"predecessor-version":[{"id":846,"href":"https:\/\/cedro.sk\/ua\/wp-json\/wp\/v2\/pages\/191\/revisions\/846"}],"wp:attachment":[{"href":"https:\/\/cedro.sk\/ua\/wp-json\/wp\/v2\/media?parent=191"}],"curies":[{"name":"wp","href":"https:\/\/api.w.org\/{rel}","templated":true}]}}