{"id":152,"date":"2017-02-14T13:06:29","date_gmt":"2017-02-14T12:06:29","guid":{"rendered":"http:\/\/cedro.sk\/?page_id=152"},"modified":"2017-10-16T11:59:47","modified_gmt":"2017-10-16T09:59:47","slug":"o-nas","status":"publish","type":"page","link":"https:\/\/cedro.sk\/ro\/o-nas\/","title":{"rendered":"Despre noi"},"content":{"rendered":"<p><\/p>\n<p><span class=\"blue\">Societatea CEDRO I. spol. s r.o.<\/span> cu sediul \u00een Praga, Republica Ceh\u0103, livreaz\u0103 pe pia\u0163a ceh\u0103 \u015fi slovac\u0103 de la \u00een- fiin\u021barea, sa din anul 1997, instrumente \u015fi scule \u00een special pentru industria de prelucrare a lemnului. Pentru a putea reac\u0163iona mai bine la cerin\u0163ele \u00een cre\u015ftere ale pie\u0163ei din Slovacia \u015fi Ungaria, \u00een anul 2002 a fost \u00eenfiin\u0163at\u0103 sucursala din \u0160urany, Slovacia. Pentru a putea oferi produsele \u015fi serviciile noastre \u015fi clien\u0163ilor rom\u00e2ni, \u00een anul 2007 am \u00eenfiin\u0163at o alt\u0103 sucursal\u0103 \u00een ora\u0219ul N\u0103dlac din Rom\u00e2nia. La ora actual\u0103 re\u0163eaua comercial\u0103 acoper\u0103 integral teritoriile Republicii Cehe, Slovaciei, Ungariei \u015fi Rom\u00e2niei. Par\u0163ial \u015fi cel al Poloniei. Furniz\u0103m diferite tipuri de p\u00e2nze circulare, p\u00e2nze de gater, lame de fer\u0103str\u0103u \u0219i cu\u021bite \u015fi efectu\u0103m \u015fi mentenan\u0163a acestora. Din anul 2007 de\u021binem certificatul ISO 9001:2000. Oferim mentenan\u0163a complet\u0103 \u0219i livr\u0103m produsele comandate direct la client. Suntem o companie t\u00e2n\u0103r\u0103, dinamic\u0103, format\u0103 din persoane cu experien\u021b\u0103 \u00een management. Pentru un viitor de succes sunt necesare doua condi\u021bii. Munca de calitate \u015fi rela\u0163ia corect\u0103 cu clien\u0163ii no\u015ftri. Suntem \u00een c\u0103utarea permanent\u0103 a modalit\u0103\u0163ilor de \u00eembun\u0103t\u0103\u021bire a activit\u0103\u021bii noastre pentru a putea \u00eendeplini cerin\u0163ele tot mai mari ale clien\u0163ilor.<\/p>\n<p><\/p>","protected":false},"excerpt":{"rendered":"<p>Societatea CEDRO I. spol. s r.o. cu sediul \u00een Praga, Republica Ceh\u0103, livreaz\u0103 pe pia\u0163a ceh\u0103 \u015fi slovac\u0103 de la \u00een- fiin\u021barea, sa din anul 1997, instrumente \u015fi scule \u00een special pentru industria de prelucrare a lemnului. Pentru a putea reac\u0163iona mai bine la cerin\u0163ele \u00een cre\u015ftere ale pie\u0163ei din Slovacia \u015fi Ungaria, \u00een anul [&hellip;]<\/p>\n","protected":false},"author":1,"featured_media":0,"parent":0,"menu_order":1,"comment_status":"closed","ping_status":"closed","template":"","meta":[],"_links":{"self":[{"href":"https:\/\/cedro.sk\/ro\/wp-json\/wp\/v2\/pages\/152"}],"collection":[{"href":"https:\/\/cedro.sk\/ro\/wp-json\/wp\/v2\/pages"}],"about":[{"href":"https:\/\/cedro.sk\/ro\/wp-json\/wp\/v2\/types\/page"}],"author":[{"embeddable":true,"href":"https:\/\/cedro.sk\/ro\/wp-json\/wp\/v2\/users\/1"}],"replies":[{"embeddable":true,"href":"https:\/\/cedro.sk\/ro\/wp-json\/wp\/v2\/comments?post=152"}],"version-history":[{"count":5,"href":"https:\/\/cedro.sk\/ro\/wp-json\/wp\/v2\/pages\/152\/revisions"}],"predecessor-version":[{"id":468,"href":"https:\/\/cedro.sk\/ro\/wp-json\/wp\/v2\/pages\/152\/revisions\/468"}],"wp:attachment":[{"href":"https:\/\/cedro.sk\/ro\/wp-json\/wp\/v2\/media?parent=152"}],"curies":[{"name":"wp","href":"https:\/\/api.w.org\/{rel}","templated":true}]}}