{"id":15,"date":"2017-02-09T11:22:20","date_gmt":"2017-02-09T10:22:20","guid":{"rendered":"http:\/\/cedro.sk\/?page_id=15"},"modified":"2023-10-27T14:32:28","modified_gmt":"2023-10-27T12:32:28","slug":"pilove-pasy","status":"publish","type":"page","link":"https:\/\/cedro.sk\/ro\/pilove-pasy\/","title":{"rendered":"P\u00e2nze panglic\u0103"},"content":{"rendered":"<p><\/p>\n<h2>P\u00e2nze panglic\u0103 \u00eengust\u0103 p\u00e2n\u0103 la 50 mm<\/h2>\n<p>Se utilizeaz\u0103 \u00een special pentru utilaje mobile de mici dimensiuni cum ar fi de ex. Wood-Mizer, Pilous etc. Le livr\u0103m sub form\u0103 de colac, sau sudate la lungime conform comenzii. Din\u0163ii p\u00e2nzei pot fi neceapr\u0103zuiti, ceapr\u0103zuiti, ceapr\u0103zuiti-c\u0103liti sau stelitati. Forma din\u0163ilor este de regul\u0103 WM.<\/p>\n<table style=\"height: 133px; background-color: #1a9160;\" width=\"884\">\n<tbody>\n<tr style=\"height: 22px;\">\n<td style=\"width: 294px; text-align: center; height: 22px;\"><strong><span style=\"color: #000000;\">l\u0103\u021bime &#8211; b&nbsp;[mm]<\/span><\/strong><\/td>\n<td style=\"width: 294px; text-align: center; height: 22px;\"><strong><span style=\"color: #000000;\">smoal\u0103&nbsp;&#8211; t&nbsp;[mm]<\/span><\/strong><\/td>\n<td style=\"width: 294px; text-align: center; height: 22px;\"><strong><span style=\"color: #000000;\">grosime&nbsp;&#8211; s [mm]<\/span><\/strong><\/td>\n<\/tr>\n<tr style=\"height: 22px;\">\n<td style=\"width: 185.469px; text-align: center; height: 22px;\">32<\/td>\n<td style=\"width: 183.625px; text-align: center; height: 158px;\" rowspan=\"6\">22 \/ 25<\/td>\n<td style=\"width: 188.906px; text-align: center; height: 22px;\">1,0 \/ 1,1 \/ 1,4<\/td>\n<\/tr>\n<tr style=\"height: 24px;\">\n<td style=\"width: 185.469px; text-align: center; height: 24px;\">35<\/td>\n<td style=\"width: 188.906px; text-align: center; height: 24px;\">1,0 \/ 1,1<\/td>\n<\/tr>\n<tr style=\"height: 24px;\">\n<td style=\"width: 185.469px; text-align: center; height: 24px;\">38<\/td>\n<td style=\"width: 188.906px; text-align: center; height: 24px;\">1,14 \/ 1,26 \/ 1,4<\/td>\n<\/tr>\n<tr style=\"height: 22px;\">\n<td style=\"width: 185.469px; text-align: center; height: 22px;\">40<\/td>\n<td style=\"width: 188.906px; text-align: center; height: 22px;\">1,0 \/ 1,1<\/td>\n<\/tr>\n<tr style=\"height: 22px;\">\n<td style=\"width: 185.469px; text-align: center; height: 22px;\">45<\/td>\n<td style=\"width: 188.906px; text-align: center; height: 22px;\">1,0 \/ 1,1<\/td>\n<\/tr>\n<tr style=\"height: 22px;\">\n<td style=\"width: 185.469px; text-align: center; height: 22px;\">50<\/td>\n<td style=\"width: 188.906px; text-align: center; height: 22px;\">1,0 \/ 1,1<\/td>\n<\/tr>\n<\/tbody>\n<\/table>\n<p><span style=\"font-size: 10pt;\">Dimensiuni \u015fi forme speciale la cererea clientului.<\/span><\/p>\n<p><img loading=\"lazy\" class=\"size-full wp-image-82 aligncenter\" src=\"http:\/\/cedro.sk\/wp-content\/uploads\/2017\/02\/pp1_obrazok.jpg\" alt=\"\" width=\"810\" height=\"388\" srcset=\"https:\/\/cedro.sk\/wp-content\/uploads\/2017\/02\/pp1_obrazok.jpg 810w, https:\/\/cedro.sk\/wp-content\/uploads\/2017\/02\/pp1_obrazok-300x144.jpg 300w, https:\/\/cedro.sk\/wp-content\/uploads\/2017\/02\/pp1_obrazok-768x368.jpg 768w, https:\/\/cedro.sk\/wp-content\/uploads\/2017\/02\/pp1_obrazok-508x243.jpg 508w\" sizes=\"(max-width: 810px) 100vw, 810px\" \/><\/p>\n<h2 id=\"pp2\">P\u00e2nz\u0103 panglic\u0103 pentru ceaprazuit<\/h2>\n<p>Aceste p\u00e2nze se folosesc la fer\u0103straie panglic\u0103 de dimensiuni mai mici \u00een sec\u0163ii de produc\u0163ie mai mici. Avantajul acestor p\u00e2nze const\u0103 \u00een pre\u0163ul de achizi\u0163ie redus \u015fi pre\u0163ul redus al mentenan\u0163ei, pe care \u015fi-o poate face fiecare singur. Dar \u00een acela\u015fi timp cerin\u0163ele pie\u0163ei asupra calit\u0103\u0163ii \u015fi a vitezei de t\u0103iere fac, ca majoritatea clien\u0163ilor s\u0103 prefere p\u00e2nzele turtite sau stelitate.<\/p>\n<p><span style=\"font-size: 10pt;\">Dimensiuni \u015fi forme speciale la cererea clientului.<\/span><img loading=\"lazy\" class=\"size-full wp-image-83 aligncenter\" src=\"http:\/\/cedro.sk\/wp-content\/uploads\/2017\/02\/pp2.jpg\" alt=\"\" width=\"812\" height=\"415\" srcset=\"https:\/\/cedro.sk\/wp-content\/uploads\/2017\/02\/pp2.jpg 812w, https:\/\/cedro.sk\/wp-content\/uploads\/2017\/02\/pp2-300x153.jpg 300w, https:\/\/cedro.sk\/wp-content\/uploads\/2017\/02\/pp2-768x393.jpg 768w, https:\/\/cedro.sk\/wp-content\/uploads\/2017\/02\/pp2-508x260.jpg 508w\" sizes=\"(max-width: 812px) 100vw, 812px\" \/><\/p>\n<h2 id=\"pp3\">P\u00e2nze panglic\u0103 standard turtite<\/h2>\n<p>Din punctul de vedere al durabilit\u0103\u0163ii p\u00e2nza panglic\u0103 standard turtit\u0103 se \u00eencadreaz\u0103 \u00eentre p\u00e2nza ceapr\u0103zuit\u0103 \u015fi p\u00e2nza stelitat\u0103. \u015ei aceste p\u00e2nze pot fi \u00eentre\u0163inute de c\u0103tre clien\u0163i, ceea ce duce la costuri de exploatare mai mici dec\u00e2t \u00een cazul p\u00e2nzelor stelitate. Dar aces- tea nu ating performan\u0163a celor stelitate. P\u00e2nzele noi le livr\u0103m complet preg\u0103tite pentru t\u0103iere, tensionate, turtite \u015fi ascu\u0163ite.<\/p>\n<p><span style=\"font-size: 10pt;\">Dimensiuni \u015fi forme speciale la cererea clientului.<\/span><img loading=\"lazy\" class=\"size-full wp-image-84 aligncenter\" src=\"http:\/\/cedro.sk\/wp-content\/uploads\/2017\/02\/pp3.jpg\" alt=\"\" width=\"800\" height=\"336\" srcset=\"https:\/\/cedro.sk\/wp-content\/uploads\/2017\/02\/pp3.jpg 800w, https:\/\/cedro.sk\/wp-content\/uploads\/2017\/02\/pp3-300x126.jpg 300w, https:\/\/cedro.sk\/wp-content\/uploads\/2017\/02\/pp3-768x323.jpg 768w, https:\/\/cedro.sk\/wp-content\/uploads\/2017\/02\/pp3-508x213.jpg 508w\" sizes=\"(max-width: 800px) 100vw, 800px\" \/><\/p>\n<h2 id=\"pp4\">P\u00e2nze panglic\u0103 stelitate<\/h2>\n<p>O cre\u015ftere semnificativ\u0103 a durabilit\u0103\u0163ii se poate ob\u0163ine prin sudarea pl\u0103cu\u0163elor de stelit pe partea t\u0103ietoare a dintelui p\u00e2nzei de fer\u0103str\u0103u. \u00cen urma unei ascu\u0163iri corecte, p\u00e2n- zele de fer\u0103str\u0103u stelitate ating performan\u0163e de t\u0103iere foarte bune.<\/p>\n<table style=\"height: 133px; background-color: #1a9160;\" width=\"884\">\n<tbody>\n<tr>\n<td style=\"width: 294px; text-align: center;\"><strong><span style=\"color: #000000;\">l\u0103\u021bime &#8211; b&nbsp;[mm]<\/span><\/strong><\/td>\n<td style=\"width: 294px; text-align: center;\"><strong><span style=\"color: #000000;\">smoal\u0103 &#8211; t&nbsp;[mm]<\/span><\/strong><\/td>\n<td style=\"width: 294px; text-align: center;\"><strong><span style=\"color: #000000;\">grosime &#8211; s [mm]<\/span><\/strong><\/td>\n<\/tr>\n<tr>\n<td style=\"width: 294px; text-align: center;\">60<\/td>\n<td style=\"width: 294px; text-align: center;\" rowspan=\"16\">20&nbsp;\/ 25 \/ 30&nbsp;\/ 35\/&nbsp;40 \/45 \/50 \/ 55 \/ 60<br \/>\nvario<\/td>\n<td style=\"width: 294px; text-align: center;\">0,8<\/td>\n<\/tr>\n<tr>\n<td style=\"width: 294px; text-align: center;\">60<\/td>\n<td style=\"width: 294px; text-align: center;\">1,0<\/td>\n<\/tr>\n<tr>\n<td style=\"width: 294px; text-align: center;\">80<\/td>\n<td style=\"width: 294px; text-align: center;\">1,0<\/td>\n<\/tr>\n<tr>\n<td style=\"width: 294px; text-align: center;\">90<\/td>\n<td style=\"width: 294px; text-align: center;\">1,1<\/td>\n<\/tr>\n<tr>\n<td style=\"width: 294px; text-align: center;\">100<\/td>\n<td style=\"width: 294px; text-align: center;\">0,8 \/ 0,9 \/ 1,0 \/ 1,1<\/td>\n<\/tr>\n<tr>\n<td style=\"width: 294px; text-align: center;\">110<\/td>\n<td style=\"width: 294px; text-align: center;\">0,9 \/ 1,1 \/ 1,2<\/td>\n<\/tr>\n<tr>\n<td style=\"width: 294px; text-align: center;\">120<\/td>\n<td style=\"width: 294px; text-align: center;\">1,1 \/ 1,2<\/td>\n<\/tr>\n<tr>\n<td style=\"width: 294px; text-align: center;\">130<\/td>\n<td style=\"width: 294px; text-align: center;\">1,2<\/td>\n<\/tr>\n<tr>\n<td style=\"width: 294px; text-align: center;\">140<\/td>\n<td style=\"width: 294px; text-align: center;\">1,2<\/td>\n<\/tr>\n<tr>\n<td style=\"width: 294px; text-align: center;\">150<\/td>\n<td style=\"width: 294px; text-align: center;\">1,2<\/td>\n<\/tr>\n<tr>\n<td style=\"width: 294px; text-align: center;\">160<\/td>\n<td style=\"width: 294px; text-align: center;\">1,2 \/ 1,25<\/td>\n<\/tr>\n<tr>\n<td style=\"width: 294px; text-align: center;\">180<\/td>\n<td style=\"width: 294px; text-align: center;\">1,6<\/td>\n<\/tr>\n<tr>\n<td style=\"width: 294px; text-align: center;\">181<\/td>\n<td style=\"width: 294px; text-align: center;\">1,25 \/ 1,47<\/td>\n<\/tr>\n<tr>\n<td style=\"width: 294px; text-align: center;\">206<\/td>\n<td style=\"width: 294px; text-align: center;\">1,47<\/td>\n<\/tr>\n<tr>\n<td style=\"width: 294px; text-align: center;\">260<\/td>\n<td style=\"width: 294px; text-align: center;\">1,47 \/ 1,65<\/td>\n<\/tr>\n<tr>\n<td style=\"width: 294px; text-align: center;\">290<\/td>\n<td style=\"width: 294px; text-align: center;\">1,65<\/td>\n<\/tr>\n<\/tbody>\n<\/table>\n<p><span style=\"font-size: 10pt;\">Dimensiuni \u015fi forme speciale la cererea clientului.<\/span><\/p>\n<p><img loading=\"lazy\" class=\"size-full wp-image-86 aligncenter\" src=\"http:\/\/cedro.sk\/wp-content\/uploads\/2017\/02\/pp4_obrazok.jpg\" alt=\"\" width=\"799\" height=\"272\" srcset=\"https:\/\/cedro.sk\/wp-content\/uploads\/2017\/02\/pp4_obrazok.jpg 799w, https:\/\/cedro.sk\/wp-content\/uploads\/2017\/02\/pp4_obrazok-300x102.jpg 300w, https:\/\/cedro.sk\/wp-content\/uploads\/2017\/02\/pp4_obrazok-768x261.jpg 768w, https:\/\/cedro.sk\/wp-content\/uploads\/2017\/02\/pp4_obrazok-508x173.jpg 508w\" sizes=\"(max-width: 799px) 100vw, 799px\" \/><\/p>\n<p><\/p>","protected":false},"excerpt":{"rendered":"<p>P\u00e2nze panglic\u0103 \u00eengust\u0103 p\u00e2n\u0103 la 50 mm Se utilizeaz\u0103 \u00een special pentru utilaje mobile de mici dimensiuni cum ar fi de ex. Wood-Mizer, Pilous etc. Le livr\u0103m sub form\u0103 de colac, sau sudate la lungime conform comenzii. Din\u0163ii p\u00e2nzei pot fi neceapr\u0103zuiti, ceapr\u0103zuiti, ceapr\u0103zuiti-c\u0103liti sau stelitati. Forma din\u0163ilor este de regul\u0103 WM. l\u0103\u021bime &#8211; b&nbsp;[mm] [&hellip;]<\/p>\n","protected":false},"author":1,"featured_media":173,"parent":0,"menu_order":30,"comment_status":"closed","ping_status":"closed","template":"","meta":[],"_links":{"self":[{"href":"https:\/\/cedro.sk\/ro\/wp-json\/wp\/v2\/pages\/15"}],"collection":[{"href":"https:\/\/cedro.sk\/ro\/wp-json\/wp\/v2\/pages"}],"about":[{"href":"https:\/\/cedro.sk\/ro\/wp-json\/wp\/v2\/types\/page"}],"author":[{"embeddable":true,"href":"https:\/\/cedro.sk\/ro\/wp-json\/wp\/v2\/users\/1"}],"replies":[{"embeddable":true,"href":"https:\/\/cedro.sk\/ro\/wp-json\/wp\/v2\/comments?post=15"}],"version-history":[{"count":53,"href":"https:\/\/cedro.sk\/ro\/wp-json\/wp\/v2\/pages\/15\/revisions"}],"predecessor-version":[{"id":838,"href":"https:\/\/cedro.sk\/ro\/wp-json\/wp\/v2\/pages\/15\/revisions\/838"}],"wp:featuredmedia":[{"embeddable":true,"href":"https:\/\/cedro.sk\/ro\/wp-json\/wp\/v2\/media\/173"}],"wp:attachment":[{"href":"https:\/\/cedro.sk\/ro\/wp-json\/wp\/v2\/media?parent=15"}],"curies":[{"name":"wp","href":"https:\/\/api.w.org\/{rel}","templated":true}]}}