{"id":13,"date":"2017-02-09T11:09:58","date_gmt":"2017-02-09T10:09:58","guid":{"rendered":"http:\/\/cedro.sk\/?page_id=13"},"modified":"2017-10-16T12:40:25","modified_gmt":"2017-10-16T10:40:25","slug":"pilove-listy","status":"publish","type":"page","link":"https:\/\/cedro.sk\/ro\/pilove-listy\/","title":{"rendered":"P\u00e2nze de gater"},"content":{"rendered":"<p><\/p>\n<h2>P\u00e2nze de gater pentru ceapr\u0103zuit<\/h2>\n<p>Sunt accesibile ca pre\u0163, simple, cu preten\u0163ii reduse pentru fabrica\u0163ie \u015fi \u00eentre\u0163inere, durabilitatea \u015fi eficien\u0163a lor poate fi m\u0103rit\u0103 prin aplicarea unui strat protector din crom dur, care m\u0103re\u015fte durabilitatea muchiei t\u0103ietoare \u015fi protejeaz\u0103 scula \u00eempotriva coroziunii. Lamele le livr\u0103m ne ceapr\u0103zuite cu forma din\u0163ilor \u00een func\u0163ie de op\u0163iunea clientului, sau cu forma din\u0163ilor standard conform fig., cu pasul la alegere. La cererea clientului lamele pot fi ceapr\u0103zuite \u015fi ascu\u0163ite la nivel profesional. Lamele sunt fabricate din o\u0163el german de calitate.<\/p>\n<p><img loading=\"lazy\" class=\"size-full wp-image-372 aligncenter\" src=\"http:\/\/cedro.sk\/wp-content\/uploads\/2017\/02\/srank.jpg\" alt=\"\" width=\"9053\" height=\"2153\" srcset=\"https:\/\/cedro.sk\/wp-content\/uploads\/2017\/02\/srank.jpg 9053w, https:\/\/cedro.sk\/wp-content\/uploads\/2017\/02\/srank-300x71.jpg 300w, https:\/\/cedro.sk\/wp-content\/uploads\/2017\/02\/srank-768x183.jpg 768w, https:\/\/cedro.sk\/wp-content\/uploads\/2017\/02\/srank-1024x244.jpg 1024w, https:\/\/cedro.sk\/wp-content\/uploads\/2017\/02\/srank-1240x295.jpg 1240w, https:\/\/cedro.sk\/wp-content\/uploads\/2017\/02\/srank-508x121.jpg 508w\" sizes=\"(max-width: 9053px) 100vw, 9053px\" \/><\/p>\n<p>&nbsp;<\/p>\n<h2><img loading=\"lazy\" class=\"wp-image-373 aligncenter\" src=\"http:\/\/cedro.sk\/wp-content\/uploads\/2017\/02\/pv.jpg\" alt=\"\" width=\"383\" height=\"182\" srcset=\"https:\/\/cedro.sk\/wp-content\/uploads\/2017\/02\/pv.jpg 2388w, https:\/\/cedro.sk\/wp-content\/uploads\/2017\/02\/pv-300x143.jpg 300w, https:\/\/cedro.sk\/wp-content\/uploads\/2017\/02\/pv-768x366.jpg 768w, https:\/\/cedro.sk\/wp-content\/uploads\/2017\/02\/pv-1024x488.jpg 1024w, https:\/\/cedro.sk\/wp-content\/uploads\/2017\/02\/pv-1240x590.jpg 1240w, https:\/\/cedro.sk\/wp-content\/uploads\/2017\/02\/pv-508x242.jpg 508w\" sizes=\"(max-width: 383px) 100vw, 383px\" \/><\/h2>\n<h2 id=\"pl2\">P\u00e2nze de gater stelitate<\/h2>\n<p>Avantajul p\u00e2nzelor de gater stelitate const\u0103 \u00een rezisten\u0163a mai ridicat\u0103 la tocire \u015fi t\u0103ierea mai calitativ\u0103. Dezavantajul const\u0103 \u00een necesitatea unui utilaj de putere mai mare deoarece \u00een timpul t\u0103ierii apar rezisten\u0163e mai mari. Oferim p\u00e2nze de gater cu dou\u0103 forme ale din\u0163ilor (fig.) cu urm\u0103torii pa\u015fi 25, 26, 28, 30 si 35 mm. Ie\u015firea lateral\u0103 standard a pl\u0103cu\u0163ei de stelit este de 0,95 mm.<\/p>\n<p><img loading=\"lazy\" class=\"size-full wp-image-374 aligncenter\" src=\"http:\/\/cedro.sk\/wp-content\/uploads\/2017\/02\/stelit.jpg\" alt=\"\" width=\"5148\" height=\"1224\" srcset=\"https:\/\/cedro.sk\/wp-content\/uploads\/2017\/02\/stelit.jpg 5148w, https:\/\/cedro.sk\/wp-content\/uploads\/2017\/02\/stelit-300x71.jpg 300w, https:\/\/cedro.sk\/wp-content\/uploads\/2017\/02\/stelit-768x183.jpg 768w, https:\/\/cedro.sk\/wp-content\/uploads\/2017\/02\/stelit-1024x243.jpg 1024w, https:\/\/cedro.sk\/wp-content\/uploads\/2017\/02\/stelit-1240x295.jpg 1240w, https:\/\/cedro.sk\/wp-content\/uploads\/2017\/02\/stelit-508x121.jpg 508w\" sizes=\"(max-width: 5148px) 100vw, 5148px\" \/><\/p>\n<p>&nbsp;<\/p>\n<h2 id=\"pl3\">P\u00e2nze de gater cu t\u0103ietura fin\u0103 pentru utilaje Neva, Wintersteiger<\/h2>\n<p>\n Oferim o gama larga de p\u00e2nze de gater cu t\u0103ietur\u0103 fin\u0103 (mini gater) cu lungimi \u015fi pa\u015fi diferi\u0163i. Producem lame \u00een diferite forme \u015fi dimensiuni la cererea clien- tului. Acestea sunt produse din o\u0163el panglic\u0103 de calitate cu din\u0163i stelita\u0163i.<\/p>\n<p><img loading=\"lazy\" class=\"size-full wp-image-376 aligncenter\" src=\"http:\/\/cedro.sk\/wp-content\/uploads\/2017\/02\/mini.jpeg\" alt=\"\" width=\"3828\" height=\"744\" srcset=\"https:\/\/cedro.sk\/wp-content\/uploads\/2017\/02\/mini.jpeg 3828w, https:\/\/cedro.sk\/wp-content\/uploads\/2017\/02\/mini-300x58.jpeg 300w, https:\/\/cedro.sk\/wp-content\/uploads\/2017\/02\/mini-768x149.jpeg 768w, https:\/\/cedro.sk\/wp-content\/uploads\/2017\/02\/mini-1024x199.jpeg 1024w, https:\/\/cedro.sk\/wp-content\/uploads\/2017\/02\/mini-1240x241.jpeg 1240w, https:\/\/cedro.sk\/wp-content\/uploads\/2017\/02\/mini-508x99.jpeg 508w\" sizes=\"(max-width: 3828px) 100vw, 3828px\" \/><\/p>\n<p>&nbsp;<\/p>\n<p><\/p>","protected":false},"excerpt":{"rendered":"<p>P\u00e2nze de gater pentru ceapr\u0103zuit Sunt accesibile ca pre\u0163, simple, cu preten\u0163ii reduse pentru fabrica\u0163ie \u015fi \u00eentre\u0163inere, durabilitatea \u015fi eficien\u0163a lor poate fi m\u0103rit\u0103 prin aplicarea unui strat protector din crom dur, care m\u0103re\u015fte durabilitatea muchiei t\u0103ietoare \u015fi protejeaz\u0103 scula \u00eempotriva coroziunii. Lamele le livr\u0103m ne ceapr\u0103zuite cu forma din\u0163ilor \u00een func\u0163ie de op\u0163iunea clientului, [&hellip;]<\/p>\n","protected":false},"author":1,"featured_media":174,"parent":0,"menu_order":20,"comment_status":"closed","ping_status":"closed","template":"","meta":[],"_links":{"self":[{"href":"https:\/\/cedro.sk\/ro\/wp-json\/wp\/v2\/pages\/13"}],"collection":[{"href":"https:\/\/cedro.sk\/ro\/wp-json\/wp\/v2\/pages"}],"about":[{"href":"https:\/\/cedro.sk\/ro\/wp-json\/wp\/v2\/types\/page"}],"author":[{"embeddable":true,"href":"https:\/\/cedro.sk\/ro\/wp-json\/wp\/v2\/users\/1"}],"replies":[{"embeddable":true,"href":"https:\/\/cedro.sk\/ro\/wp-json\/wp\/v2\/comments?post=13"}],"version-history":[{"count":35,"href":"https:\/\/cedro.sk\/ro\/wp-json\/wp\/v2\/pages\/13\/revisions"}],"predecessor-version":[{"id":510,"href":"https:\/\/cedro.sk\/ro\/wp-json\/wp\/v2\/pages\/13\/revisions\/510"}],"wp:featuredmedia":[{"embeddable":true,"href":"https:\/\/cedro.sk\/ro\/wp-json\/wp\/v2\/media\/174"}],"wp:attachment":[{"href":"https:\/\/cedro.sk\/ro\/wp-json\/wp\/v2\/media?parent=13"}],"curies":[{"name":"wp","href":"https:\/\/api.w.org\/{rel}","templated":true}]}}