{"id":122,"date":"2017-02-14T09:54:05","date_gmt":"2017-02-14T08:54:05","guid":{"rendered":"http:\/\/cedro.sk\/?page_id=122"},"modified":"2017-10-16T13:07:03","modified_gmt":"2017-10-16T11:07:03","slug":"ostatni-vyrobky","status":"publish","type":"page","link":"https:\/\/cedro.sk\/ro\/ostatni-vyrobky\/","title":{"rendered":"Alte produse"},"content":{"rendered":"<p><\/p>\n<h2>Discuri abrazive<\/h2>\n<p>Oferim discuri abrazive pentru ascu\u0163irea produselor noastre. Pietrele Corindon sunt folosite pentru ascu\u0163irea p\u00e2nzelor de gater, p\u00e2nzelor panglic\u0103 \u0219i p\u00e2nzelor circulare ceapr\u0103zuite. Pietrele CBN se folosesc pentru polizarea materialelor dure c\u0103lite. Cele cu dia- mant se utilizeaz\u0103 pentru polizarea metalelor dure (HM, HW, SK). \u00cen oferta noastr\u0103 exist\u0103 discuri abrasive de diferite forme, dimensiuni \u0219i compozi\u0163ii. Pentru mai multe informa\u021bii va rug\u0103m sa contacta\u021bi reprezentantul nostru de v\u00e2nz\u0103ri.<\/p>\n<p style=\"text-align: left;\"><span style=\"font-size: 10pt;\">Dimensiuni \u015fi forme speciale la cererea clientului. <\/span> <img loading=\"lazy\" class=\"wp-image-337 size-full aligncenter\" src=\"http:\/\/cedro.sk\/wp-content\/uploads\/2017\/03\/grinding_wheels.jpg\" alt=\"\" width=\"1356\" height=\"564\" srcset=\"https:\/\/cedro.sk\/wp-content\/uploads\/2017\/03\/grinding_wheels.jpg 1356w, https:\/\/cedro.sk\/wp-content\/uploads\/2017\/03\/grinding_wheels-300x125.jpg 300w, https:\/\/cedro.sk\/wp-content\/uploads\/2017\/03\/grinding_wheels-768x319.jpg 768w, https:\/\/cedro.sk\/wp-content\/uploads\/2017\/03\/grinding_wheels-1024x426.jpg 1024w, https:\/\/cedro.sk\/wp-content\/uploads\/2017\/03\/grinding_wheels-1240x516.jpg 1240w, https:\/\/cedro.sk\/wp-content\/uploads\/2017\/03\/grinding_wheels-508x211.jpg 508w\" sizes=\"(max-width: 1356px) 100vw, 1356px\" \/><\/p>\n<h2 id=\"ov2\">Bigle<\/h2>\n<p>Biglele le producem \u015fi le livr\u0103m la comand\u0103 dup\u0103 model, sau dup\u0103 desenul pus la dispozi\u0163ie. Se livreaz\u0103 \u015fi separat, superioare, inferioare sau numai penele de \u00eentindere. Pl\u0103cile pentru p\u00e2nzele de gater cu g\u0103uri egale (jansen) se produc de asemenea conform cerin\u0163elor clientului.<\/p>\n<p style=\"text-align: left;\"><span style=\"font-size: 10pt;\">Dimensiuni \u015fi forme speciale la cererea clientului. <\/span> <img loading=\"lazy\" class=\"wp-image-332 size-full aligncenter\" src=\"http:\/\/cedro.sk\/wp-content\/uploads\/2017\/03\/hangers.jpg\" alt=\"\" width=\"4356\" height=\"4389\" srcset=\"https:\/\/cedro.sk\/wp-content\/uploads\/2017\/03\/hangers.jpg 4356w, https:\/\/cedro.sk\/wp-content\/uploads\/2017\/03\/hangers-150x150.jpg 150w, https:\/\/cedro.sk\/wp-content\/uploads\/2017\/03\/hangers-298x300.jpg 298w, https:\/\/cedro.sk\/wp-content\/uploads\/2017\/03\/hangers-768x774.jpg 768w, https:\/\/cedro.sk\/wp-content\/uploads\/2017\/03\/hangers-1016x1024.jpg 1016w, https:\/\/cedro.sk\/wp-content\/uploads\/2017\/03\/hangers-1240x1249.jpg 1240w, https:\/\/cedro.sk\/wp-content\/uploads\/2017\/03\/hangers-508x512.jpg 508w\" sizes=\"(max-width: 4356px) 100vw, 4356px\" \/><\/p>\n<h2 id=\"ov3\">Solutii de cur\u0103\u0163at<\/h2>\n<p>Preparatul de cur\u0103\u021bare BGS se livreaz\u0103 sub form\u0103 concentrat\u0103 \u00een ambalaje de 5 sau 10 litri. Acest preparat se folose\u015fte pentru cur\u0103\u0163irea fer\u0103straielor circulare, p\u00e2nzelor de gater \u015fi a fer\u0103straielor panglic\u0103. Preparatul se dilueaz\u0103 \u00een raportul de 1:5 p\u00e2n\u0103 la 1:10 \u00een func\u0163ie de gradul de murd\u0103rire a sculelor.<\/p>\n<p><img loading=\"lazy\" class=\"size-full wp-image-130 aligncenter\" src=\"http:\/\/cedro.sk\/wp-content\/uploads\/2017\/02\/ov3.jpg\" alt=\"\" width=\"632\" height=\"482\" srcset=\"https:\/\/cedro.sk\/wp-content\/uploads\/2017\/02\/ov3.jpg 632w, https:\/\/cedro.sk\/wp-content\/uploads\/2017\/02\/ov3-300x229.jpg 300w, https:\/\/cedro.sk\/wp-content\/uploads\/2017\/02\/ov3-508x387.jpg 508w\" sizes=\"(max-width: 632px) 100vw, 632px\" \/><\/p>\n<h2 id=\"ov4\">Cle\u015fte de ceapr\u0103zuit, accesorii service<\/h2>\n<p>\n Setul de calibre si indicatoare serve\u015fte la m\u0103surarea ceaprazului din\u0163ilor turti\u0163i, stelita\u0163i, din metale dure de pe p\u00e2n- zele de gater, p\u00e2nzele circulare \u015fi p\u00e2nzele panglic\u0103. Nu ar trebui s\u0103 lipseasc\u0103 din nici un atelier unde se face ascu\u0163irea. Cle\u015ftele de ceapr\u0103zuit serve\u015fte la ceapr\u0103zuirea p\u00e2nzelor de gater \u015fi a p\u00e2nzelor circulare. Le vindem \u00een dou\u0103 variante; cle\u015ftele de ceapr\u0103zuit pentru ceapr\u0103zuirea p\u00e2nzelor p\u00e2n\u0103 la grosimea de 1,65 mm. Cle\u015ftele de ceapr\u0103zuit pentru ceapr\u0103zuirea p\u00e2nzelor de gater \u015fi a p\u00e2nzelor circulare. Riglele de cu\u0163it servesc la controlul vizual al planeit\u0103\u0163ii scule- lor, sunt livrate la diferite lungimi de la 100 mm p\u00e2n\u0103 la 500 mm. Ciocanele de egalizare le folosim la egalizarea corpurilor p\u00e2nzelor circulare \u015fi a p\u00e2nzelor panglic\u0103. Masa capului este de 1 kg.<\/p>\n<p><img loading=\"lazy\" class=\"alignnone wp-image-327 size-full\" src=\"http:\/\/cedro.sk\/wp-content\/uploads\/2017\/02\/hammer.jpg\" alt=\"\" width=\"1408\" height=\"608\" srcset=\"https:\/\/cedro.sk\/wp-content\/uploads\/2017\/02\/hammer.jpg 1408w, https:\/\/cedro.sk\/wp-content\/uploads\/2017\/02\/hammer-300x130.jpg 300w, https:\/\/cedro.sk\/wp-content\/uploads\/2017\/02\/hammer-768x332.jpg 768w, https:\/\/cedro.sk\/wp-content\/uploads\/2017\/02\/hammer-1024x442.jpg 1024w, https:\/\/cedro.sk\/wp-content\/uploads\/2017\/02\/hammer-1240x535.jpg 1240w, https:\/\/cedro.sk\/wp-content\/uploads\/2017\/02\/hammer-508x219.jpg 508w\" sizes=\"(max-width: 1408px) 100vw, 1408px\" \/><\/p>\n<h2 id=\"ov5\">Distan\u021biere si inele de adaptare<\/h2>\n<p>Distan\u021bierele dintre p\u00e2nze sunt fabricate din materiale plastice dure si rezistente \u015fi servesc la delimitarea spa\u0163iului dintre p\u00e2nzele de gater. Le livr\u0103m \u015fi \u00een varianta cu mag- ne\u0163i. \u00cen mod standard au profilul de 120 x40 mm iar l\u0103\u0163imea este \u00een func\u0163ie de cerin\u0163ele clientului. Distan\u021bierele pentru p\u00e2nzele circulare le realiz\u0103m in func\u0163ie de cerin\u0163ele clientu- lui la diferite diametre, l\u0103\u0163imi \u015fi cu diferite dimensiuni ale canelurilor. Pot fi \u015fi tratate la su- prafa\u0163\u0103 de ex. prin brunare, zincare etc. Inelele reductoare se folosesc \u00een cazul necesit\u0103\u0163ii reducerii diametrului orificiului de prindere al p\u00e2nzei circulare.<\/p>\n<p><img loading=\"lazy\" class=\"wp-image-322 size-full aligncenter\" src=\"http:\/\/cedro.sk\/wp-content\/uploads\/2017\/03\/reduction.jpg\" alt=\"\" width=\"566\" height=\"767\" srcset=\"https:\/\/cedro.sk\/wp-content\/uploads\/2017\/03\/reduction.jpg 566w, https:\/\/cedro.sk\/wp-content\/uploads\/2017\/03\/reduction-221x300.jpg 221w, https:\/\/cedro.sk\/wp-content\/uploads\/2017\/03\/reduction-508x688.jpg 508w\" sizes=\"(max-width: 566px) 100vw, 566px\" \/><\/p>\n<p><\/p>","protected":false},"excerpt":{"rendered":"<p>Discuri abrazive Oferim discuri abrazive pentru ascu\u0163irea produselor noastre. Pietrele Corindon sunt folosite pentru ascu\u0163irea p\u00e2nzelor de gater, p\u00e2nzelor panglic\u0103 \u0219i p\u00e2nzelor circulare ceapr\u0103zuite. Pietrele CBN se folosesc pentru polizarea materialelor dure c\u0103lite. Cele cu dia- mant se utilizeaz\u0103 pentru polizarea metalelor dure (HM, HW, SK). \u00cen oferta noastr\u0103 exist\u0103 discuri abrasive de diferite forme, [&hellip;]<\/p>\n","protected":false},"author":1,"featured_media":176,"parent":0,"menu_order":50,"comment_status":"closed","ping_status":"closed","template":"","meta":[],"_links":{"self":[{"href":"https:\/\/cedro.sk\/ro\/wp-json\/wp\/v2\/pages\/122"}],"collection":[{"href":"https:\/\/cedro.sk\/ro\/wp-json\/wp\/v2\/pages"}],"about":[{"href":"https:\/\/cedro.sk\/ro\/wp-json\/wp\/v2\/types\/page"}],"author":[{"embeddable":true,"href":"https:\/\/cedro.sk\/ro\/wp-json\/wp\/v2\/users\/1"}],"replies":[{"embeddable":true,"href":"https:\/\/cedro.sk\/ro\/wp-json\/wp\/v2\/comments?post=122"}],"version-history":[{"count":34,"href":"https:\/\/cedro.sk\/ro\/wp-json\/wp\/v2\/pages\/122\/revisions"}],"predecessor-version":[{"id":530,"href":"https:\/\/cedro.sk\/ro\/wp-json\/wp\/v2\/pages\/122\/revisions\/530"}],"wp:featuredmedia":[{"embeddable":true,"href":"https:\/\/cedro.sk\/ro\/wp-json\/wp\/v2\/media\/176"}],"wp:attachment":[{"href":"https:\/\/cedro.sk\/ro\/wp-json\/wp\/v2\/media?parent=122"}],"curies":[{"name":"wp","href":"https:\/\/api.w.org\/{rel}","templated":true}]}}