{"id":607,"date":"2018-04-11T13:02:08","date_gmt":"2018-04-11T11:02:08","guid":{"rendered":"https:\/\/cedro.sk\/?page_id=607"},"modified":"2018-04-23T15:08:12","modified_gmt":"2018-04-23T13:08:12","slug":"tkm-products","status":"publish","type":"page","link":"https:\/\/cedro.sk\/hu\/tkm-products\/","title":{"rendered":"TKM term\u00e9kek"},"content":{"rendered":"<p><\/p>\n<p>Mint kiz\u00e1r\u00f3lagos forgalmaz\u00f3 Csehorsz\u00e1gban, Szlov\u00e1ki\u00e1ban \u00e9s Magyarorsz\u00e1gon min\u0151s\u00e9gi szersz\u00e1mokat k\u00edn\u00e1lunk a h\u00edres t\u00f6bb mint 100 \u00e9ves tapasztalattal rendelkez\u0151\u00a0Bohlerwerk TKM Austria GmbH (eredetileg Bohler-Miller, BMMS) c\u00e9gt\u0151l.\u00a0Vil\u00e1gsz\u00ednvonal\u00fa h\u00edr\u00fcket az els\u0151dleges famegmunk\u00e1l\u00f3 szersz\u00e1maik magas min\u0151s\u00e9g\u00e9nek\u00a0k\u00f6sz\u00f6nhetik. Term\u00e9kpalett\u00e1jukon megtal\u00e1lhat\u00f3ak k\u00f6rf\u0171r\u00e9szek, szegmensek, gatterlapok,\u00a0kengyelek valamint k\u00e9sek az \u00f6sszes l\u00e9tez\u0151 t\u00edpus\u00fa g\u00e9phez. Szersz\u00e1maik pontosan\u00a0 megrendel\u00e9sre\u00a0k\u00e9sz\u00fclnek az \u00fcgyf\u00e9l k\u00f6vetelm\u00e9nyei szerint. A TKM szersz\u00e1mokkal \u00e9rheti el a\u00a0legmagasabb teljes\u00edtm\u00e9nyeket.<\/p>\n<h2><a id=\"pilov\u00e9 kotou\u010de\"><\/a>K\u00f6rf\u0171r\u00e9szek \u00e9s szegmensek<\/h2>\n<p>A k\u00f6rf\u0171r\u00e9szek k\u00e9pviselik a TKM c\u00e9g f\u0151 term\u00e9kvonal\u00e1t. Laptestjeik k\u00fcl\u00f6nleges ac\u00e9lb\u00f3l\u00a0k\u00e9sz\u00fclnek \u00e9s h\u0151kezeltek. Ez\u00e1ltal nagy szil\u00e1rds\u00e1ggal rendelkeznek \u00e9s j\u00f3 a v\u00e1g\u00e1s k\u00f6zbeni\u00a0stabilit\u00e1suk. A min\u0151s\u00e9gi laptestek haszn\u00e1lat\u00e1val el\u00e9rhet\u0151, hogy nagy \u00e1tm\u00e9r\u0151j\u0171 \u00e9s kis\u00a0keresztmetszet\u0171 k\u00f6rf\u0171r\u00e9szeket gy\u00e1rtsanak.<\/p>\n<p>Az alap k\u00f6rf\u0171r\u00e9szlap-paletta a t\u00e1bl\u00e1zatban van felt\u00fcntetve. Ezek mindig rakt\u00e1ron vannak<\/p>\n<table style=\"height: 110px;\" width=\"875\">\n<tbody>\n<tr>\n<td style=\"text-align: center; width: 454px;\">400&#215;4,2\/2,8&#215;30 20+4<\/td>\n<td style=\"text-align: center; width: 419px;\">550&#215;5,0\/3,5&#215;30 60WZ<\/td>\n<\/tr>\n<tr>\n<td style=\"text-align: center; width: 454px;\">400&#215;4,4\/3,0&#215;30 20+4<\/td>\n<td style=\"text-align: center; width: 419px;\">550&#215;5,2\/3,5&#215;30 80WZ<\/td>\n<\/tr>\n<tr>\n<td style=\"text-align: center; width: 454px;\">425&#215;5,2\/3,5&#215;30 24+4<\/td>\n<td style=\"text-align: center; width: 419px;\">600&#215;5,2\/3,8&#215;30 80WZ<\/td>\n<\/tr>\n<tr>\n<td style=\"text-align: center; width: 454px;\">450&#215;5,0\/3,2&#215;30 24+4<\/td>\n<td style=\"text-align: center; width: 419px;\">600&#215;5,2\/3,8&#215;30 108WZ<\/td>\n<\/tr>\n<tr>\n<td style=\"text-align: center; width: 454px;\">500&#215;5,0\/3,2&#215;30 24+4<\/td>\n<td style=\"text-align: center; width: 419px;\">600&#215;5,5\/3,8&#215;30 120WZ<\/td>\n<\/tr>\n<tr>\n<td style=\"text-align: center; width: 454px;\">500&#215;5,2\/3,5&#215;30 22+6<\/td>\n<td style=\"text-align: center; width: 419px;\">600&#215;6,0\/4,0&#215;30 60WZ<\/td>\n<\/tr>\n<tr>\n<td style=\"text-align: center; width: 454px;\">550&#215;5,5\/3,6&#215;30 24+6<\/td>\n<td style=\"text-align: center; width: 419px;\">600&#215;6,2\/4,0&#215;30 96WZ<\/td>\n<\/tr>\n<tr>\n<td style=\"text-align: center; width: 454px;\">550&#215;6,2\/3,8&#215;30 24+6<\/td>\n<td style=\"text-align: center; width: 419px;\">700&#215;6,0\/4,0&#215;30 72WZ<\/td>\n<\/tr>\n<tr>\n<td style=\"text-align: center; width: 454px;\">600&#215;6,2\/4,2&#215;30 28+6<\/td>\n<td style=\"text-align: center; width: 419px;\">700&#215;6,5\/4,5&#215;30 84WZ<\/td>\n<\/tr>\n<tr>\n<td style=\"text-align: center; width: 454px;\">630&#215;6,0\/3,8&#215;70 18+6<\/td>\n<td style=\"text-align: center; width: 419px;\">700&#215;6,2\/4,2&#215;30 108WZ<\/td>\n<\/tr>\n<tr>\n<td style=\"text-align: center; width: 454px;\">700&#215;6,5\/4,5&#215;35 28+6<\/td>\n<td style=\"text-align: center; width: 419px;\">700&#215;6,0\/4,0&#215;30 132WZ<\/td>\n<\/tr>\n<tr>\n<td style=\"text-align: center; width: 454px;\">800&#215;7,5\/5,0&#215;35 24+8<\/td>\n<td style=\"text-align: center; width: 419px;\">\u00a0<\/td>\n<\/tr>\n<\/tbody>\n<\/table>\n<h2><a id=\"pilov\u00e9 listy\"><\/a>Gatterlapok<\/h2>\n<p>A TKM c\u00e9g kiv\u00e1l\u00f3 min\u0151s\u00e9g\u0171 gatterlapokat is k\u00edn\u00e1l terpeszt\u00e9shez, kem\u00e9nykr\u00f3mozott\u00a0fel\u00fclettel, valamint sztellitezett fogakkal. Mint egy a kev\u00e9s m\u00e1s gy\u00e1rt\u00f3 k\u00f6z\u00fcl szint\u00e9n h\u0151kezelik\u00a0a gatterlap testjeiket. Ez\u00e1ltal remek tulajdons\u00e1gokat \u00e9rnek el, meghosszabbodik az \u00e9lettartamuk\u00a0\u00e9s jobb v\u00e1g\u00e1si teljes\u00edtm\u00e9nyt ny\u00fajtanak.\u00a0A kr\u00f3mozott kivitel\u0171 gatterlapok kombin\u00e1lj\u00e1k a hossz\u00fa \u00e9lettartamot a test magas szil\u00e1rds\u00e1g\u00e1val.\u00a0Ezen tulajdons\u00e1gok f\u0151leg a t\u00e9li h\u00f3napokban kifizet\u0151d\u0151ek.\u00a0A sztellitezett gatterlapok \u00f6tv\u00f6zik a min\u0151s\u00e9gi laptest \u00e9s sztellit tulajdons\u00e1gait. Nagyon magas\u00a0v\u00e1g\u00e1si teljes\u00edtm\u00e9nyt \u00e9s makul\u00e1tlan v\u00e1g\u00e1si fel\u00fcletet produk\u00e1lnak.<\/p>\n<h2><a id=\"sekac\u00ed no\u017ee\"><\/a>Apr\u00edt\u00f3k\u00e9sek<\/h2>\n<p>K\u00e9sgy\u00e1rt\u00e1s ter\u00fclet\u00e9n a TKM c\u00e9g szint\u00e9n a legnagyobb \u00e9s a legmin\u0151s\u00e9gibb gy\u00e1rt\u00f3k k\u00f6z\u00e9tartozik a vil\u00e1gon. T\u00f6bb mint 100 \u00e9ves tapasztalattal rendelkeznek ezen a ter\u00fcleten, k\u00e9seiket\u00a0az eg\u00e9sz vil\u00e1gba export\u00e1lj\u00e1k. Gy\u00e1rt\u00e1si palett\u00e1jukon megtal\u00e1lhat\u00f3ak a legk\u00fcl\u00f6nf\u00e9l\u00e9bb k\u00e9sek\u00a0mint pl.: apr\u00edt\u00f3, furn\u00e9r, mobil apr\u00edt\u00f3khoz, gyaluk\u00e9sek \u00e9s sok m\u00e1s.<\/p>\n<h2><a id=\"hydraulick\u00e9\"><\/a>Hidraulikus gatterlap fesz\u00edt\u0151k, kengyelek gy\u00e1rt\u00e1sa<\/h2>\n<p>A hidraulikus gatterlap fesz\u00edt\u0151 seg\u00edts\u00e9g\u00e9vel gyorsan \u00e9s pontosan lehet be\u00e1ll\u00edtani a szersz\u00e1mokat. Ebben az esetben a\u00a0 fesz\u00edt\u0151er\u0151t nem az excenter k\u00e9zi elforgat\u00e1s\u00e1val kap- juk, hanem a hydraulikus pumpa nyom\u00e1s\u00e1b\u00f3l. A gatterlapok egyszerre vannak meg- fesz\u00edtve egyenl\u0151 er\u0151vel. Ennek a berendez\u00e9snek az el\u0151nye a gyors \u00e9s pontos be\u00e1ll\u00edt\u00e1s\u00a0ami \u00e1ltal a szersz\u00e1mok optim\u00e1lisan vannak megfesz\u00edtve, ami t\u00f6k\u00e9letes v\u00e1g\u00e1steljes\u00edtm\u00e9nyt\u00a0eredm\u00e9nyez. Ez a rendszer szinte b\u00e1rmely g\u00e9pre felszerelhet\u0151, ugyanis pontosan a g\u00e9p\u00a0keret\u00e9nek m\u00e9retei szerint k\u00e9sz\u00fclnek. Ezen hidraulikus rendszerhez k\u00fcl\u00f6n kengyeleket is\u00a0k\u00edn\u00e1lnak, melyek min\u0151s\u00e9gi anyagokb\u00f3l k\u00e9sz\u00fclnek. A kengyelek k\u00fcl\u00f6nf\u00e9le kivitelez\u00e9sben\u00a0k\u00e9sz\u00fclnek, minta alaj\u00e1n is.<\/p>\n<p><\/p>","protected":false},"excerpt":{"rendered":"<p>Mint kiz\u00e1r\u00f3lagos forgalmaz\u00f3 Csehorsz\u00e1gban, Szlov\u00e1ki\u00e1ban \u00e9s Magyarorsz\u00e1gon min\u0151s\u00e9gi szersz\u00e1mokat k\u00edn\u00e1lunk a h\u00edres t\u00f6bb mint 100 \u00e9ves tapasztalattal rendelkez\u0151\u00a0Bohlerwerk TKM Austria GmbH (eredetileg Bohler-Miller, BMMS) c\u00e9gt\u0151l.\u00a0Vil\u00e1gsz\u00ednvonal\u00fa h\u00edr\u00fcket az els\u0151dleges famegmunk\u00e1l\u00f3 szersz\u00e1maik magas min\u0151s\u00e9g\u00e9nek\u00a0k\u00f6sz\u00f6nhetik. Term\u00e9kpalett\u00e1jukon megtal\u00e1lhat\u00f3ak k\u00f6rf\u0171r\u00e9szek, szegmensek, gatterlapok,\u00a0kengyelek valamint k\u00e9sek az \u00f6sszes l\u00e9tez\u0151 t\u00edpus\u00fa g\u00e9phez. Szersz\u00e1maik pontosan\u00a0 megrendel\u00e9sre\u00a0k\u00e9sz\u00fclnek az \u00fcgyf\u00e9l k\u00f6vetelm\u00e9nyei szerint. A TKM szersz\u00e1mokkal \u00e9rheti [&hellip;]<\/p>\n","protected":false},"author":1,"featured_media":613,"parent":0,"menu_order":0,"comment_status":"closed","ping_status":"closed","template":"","meta":[],"_links":{"self":[{"href":"https:\/\/cedro.sk\/hu\/wp-json\/wp\/v2\/pages\/607"}],"collection":[{"href":"https:\/\/cedro.sk\/hu\/wp-json\/wp\/v2\/pages"}],"about":[{"href":"https:\/\/cedro.sk\/hu\/wp-json\/wp\/v2\/types\/page"}],"author":[{"embeddable":true,"href":"https:\/\/cedro.sk\/hu\/wp-json\/wp\/v2\/users\/1"}],"replies":[{"embeddable":true,"href":"https:\/\/cedro.sk\/hu\/wp-json\/wp\/v2\/comments?post=607"}],"version-history":[{"count":48,"href":"https:\/\/cedro.sk\/hu\/wp-json\/wp\/v2\/pages\/607\/revisions"}],"predecessor-version":[{"id":747,"href":"https:\/\/cedro.sk\/hu\/wp-json\/wp\/v2\/pages\/607\/revisions\/747"}],"wp:featuredmedia":[{"embeddable":true,"href":"https:\/\/cedro.sk\/hu\/wp-json\/wp\/v2\/media\/613"}],"wp:attachment":[{"href":"https:\/\/cedro.sk\/hu\/wp-json\/wp\/v2\/media?parent=607"}],"curies":[{"name":"wp","href":"https:\/\/api.w.org\/{rel}","templated":true}]}}