{"id":454,"date":"2017-10-16T10:42:10","date_gmt":"2017-10-16T08:42:10","guid":{"rendered":"http:\/\/cedro.sk\/?page_id=454"},"modified":"2025-05-27T11:30:51","modified_gmt":"2025-05-27T09:30:51","slug":"pouzite-stroje","status":"publish","type":"page","link":"https:\/\/cedro.sk\/hu\/pouzite-stroje\/","title":{"rendered":"Haszn\u00e1lt g\u00e9pek"},"content":{"rendered":"<p><\/p>\n<p><strong>Jelenlegi k\u00edn\u00e1latunk haszn\u00e1lt g\u00e9pekre k\u00f6zepes jav\u00edt\u00e1s ut\u00e1n:<\/strong><\/p>\n<p style=\"text-align: left;\"><em>Gatterlap \u00e9lez\u0151 ISELI SGW (illusztr\u00e1ci\u00f3s k\u00e9p)<\/em><img loading=\"lazy\" src=\"http:\/\/cedro.sk\/wp-content\/uploads\/2017\/11\/IMG_1615.jpg\" alt=\"\" width=\"3020\" height=\"1512\" \/><\/p>\n<p>&nbsp;<\/p>\n<p style=\"text-align: left;\"><em>K\u00f6rf\u0171r\u00e9sz \u00e9lez\u0151 Vollmer (illusztr\u00e1ci\u00f3s k\u00e9p)<\/em><img loading=\"lazy\" src=\"http:\/\/cedro.sk\/wp-content\/uploads\/2017\/11\/vollmer_chc.jpg\" alt=\"\" width=\"880\" height=\"660\" \/><\/p>\n<p>&nbsp;<\/p>\n<p style=\"text-align: left;\"><em>Apr\u00edt\u00f3k\u00e9s \u00e9lez\u0151 Silesia &#8211; asztal hossza 2 m (illusztr\u00e1ci\u00f3s k\u00e9p)<\/em><img loading=\"lazy\" src=\"http:\/\/cedro.sk\/wp-content\/uploads\/2017\/11\/silesia.jpg\" alt=\"\" width=\"1027\" height=\"800\" \/><\/p>\n<p><strong>Amennyiben felkeltett\u00fck \u00e9rdekl\u0151d\u00e9s\u00e9t ne habozzon felvenni a kapcsolatot vel\u00fcnk:<\/strong><\/p>\n<p>Csehorsz\u00e1g \u00e9s Szlov\u00e1kia: +420 603 411 973<\/p>\n<p>Magyarorsz\u00e1g:\u00a0 \u00a0 \u00a0 \u00a0 \u00a0 \u00a0 \u00a0 \u00a0 \u00a0 \u00a0+36 20 665 4706<\/p>\n<p>Rom\u00e1nia:\u00a0 \u00a0 \u00a0 \u00a0 \u00a0 \u00a0 \u00a0 \u00a0 \u00a0 \u00a0 \u00a0 \u00a0 \u00a0 \u00a0 \u00a0+40 758 027 211<\/p>\n<p>Ukrajna:\u00a0 \u00a0 \u00a0 \u00a0 \u00a0 \u00a0 \u00a0 \u00a0 \u00a0 \u00a0 \u00a0 \u00a0 \u00a0 \u00a0 \u00a0 \u00a0+420 733 671 791<\/p>\n<p>&nbsp;<\/p>\n<p><\/p>","protected":false},"excerpt":{"rendered":"<p>Jelenlegi k\u00edn\u00e1latunk haszn\u00e1lt g\u00e9pekre k\u00f6zepes jav\u00edt\u00e1s ut\u00e1n: Gatterlap \u00e9lez\u0151 ISELI SGW (illusztr\u00e1ci\u00f3s k\u00e9p) &nbsp; K\u00f6rf\u0171r\u00e9sz \u00e9lez\u0151 Vollmer (illusztr\u00e1ci\u00f3s k\u00e9p) &nbsp; Apr\u00edt\u00f3k\u00e9s \u00e9lez\u0151 Silesia &#8211; asztal hossza 2 m (illusztr\u00e1ci\u00f3s k\u00e9p) Amennyiben felkeltett\u00fck \u00e9rdekl\u0151d\u00e9s\u00e9t ne habozzon felvenni a kapcsolatot vel\u00fcnk: Csehorsz\u00e1g \u00e9s Szlov\u00e1kia: +420 603 411 973 Magyarorsz\u00e1g:\u00a0 \u00a0 \u00a0 \u00a0 \u00a0 \u00a0 \u00a0 \u00a0 \u00a0 [&hellip;]<\/p>\n","protected":false},"author":1,"featured_media":0,"parent":0,"menu_order":0,"comment_status":"closed","ping_status":"closed","template":"","meta":[],"_links":{"self":[{"href":"https:\/\/cedro.sk\/hu\/wp-json\/wp\/v2\/pages\/454"}],"collection":[{"href":"https:\/\/cedro.sk\/hu\/wp-json\/wp\/v2\/pages"}],"about":[{"href":"https:\/\/cedro.sk\/hu\/wp-json\/wp\/v2\/types\/page"}],"author":[{"embeddable":true,"href":"https:\/\/cedro.sk\/hu\/wp-json\/wp\/v2\/users\/1"}],"replies":[{"embeddable":true,"href":"https:\/\/cedro.sk\/hu\/wp-json\/wp\/v2\/comments?post=454"}],"version-history":[{"count":35,"href":"https:\/\/cedro.sk\/hu\/wp-json\/wp\/v2\/pages\/454\/revisions"}],"predecessor-version":[{"id":863,"href":"https:\/\/cedro.sk\/hu\/wp-json\/wp\/v2\/pages\/454\/revisions\/863"}],"wp:attachment":[{"href":"https:\/\/cedro.sk\/hu\/wp-json\/wp\/v2\/media?parent=454"}],"curies":[{"name":"wp","href":"https:\/\/api.w.org\/{rel}","templated":true}]}}