{"id":161,"date":"2017-02-14T13:38:50","date_gmt":"2017-02-14T12:38:50","guid":{"rendered":"http:\/\/cedro.sk\/?page_id=161"},"modified":"2017-10-16T13:18:41","modified_gmt":"2017-10-16T11:18:41","slug":"servis-nastroju","status":"publish","type":"page","link":"https:\/\/cedro.sk\/hu\/servis-nastroju\/","title":{"rendered":"Szersz\u00e1mok szervizel\u00e9se"},"content":{"rendered":"<p><\/p>\n<p>Mint gy\u00e1rt\u00f3 els\u0151 oszt\u00e1ly\u00fa szervizel\u00e9st v\u00e1llalunk az \u00e1ltalunk, vagy m\u00e1s termel\u0151 \u00e1ltal k\u00e9zbes\u00edtett szersz\u00e1mokra.<\/p>\n<h2 id=\"se1\">K\u00f6rf\u0171r\u00e9szek szervizel\u00e9se<\/h2>\n<p><img loading=\"lazy\" class=\"alignleft size-full wp-image-186\" src=\"http:\/\/cedro.sk\/wp-content\/uploads\/2017\/02\/se1.jpg\" alt=\"\" width=\"407\" height=\"562\" srcset=\"https:\/\/cedro.sk\/wp-content\/uploads\/2017\/02\/se1.jpg 407w, https:\/\/cedro.sk\/wp-content\/uploads\/2017\/02\/se1-217x300.jpg 217w\" sizes=\"(max-width: 407px) 100vw, 407px\" \/>Minden k\u00f6rf\u0171r\u00e9szt sz\u00fcks\u00e9ges rendszeresen karbantartani. Tiszt\u00edtani, \u00fajra\u00e9lezni, egyengetni, hengerelni \u00e9s a fogokat cser\u00e9lni. Amikor a zsugor\u00edtott karbid fogak m\u00e1r t\u00fal kicsik, helyettes\u00edteni kell \u00fajakkal. Az \u00e9lez\u00e9st modern CNC g\u00e9peken v\u00e9gezz\u00fck olajh\u0171t\u00e9ssel. A forraszt\u00e1s speci\u00e1lis CNC vez\u00e9relt automat\u00e1kkal t\u00f6rt\u00e9nik. Ez\u00e1ltal a min\u0151s\u00e9g garant\u00e1lt. Zsugor\u00edtott karbidokat Ceratizit-t\u00f3l v\u00e1s\u00e1roljuk. A k\u00f6t\u0151anyag ez\u00fcst alap\u00fa. Gazdag tapaszta- latokkal rendelkez\u00fcnk a k\u00f6rf\u0171r\u00e9szek jav\u00edt\u00e1s\u00e1nak ter\u00e9n \u00e9s sz\u00edvesen adunk tan\u00e1csot. Csakis olyan szersz\u00e1mokat jav\u00edtunk ahol a szervizel\u00e9s kifizet\u0151d\u0151. Szakk\u00e9pzett alkalmazottjaink mindig fel\u00fclb\u00edr\u00e1lj\u00e1k a jav\u00edt\u00e1s effektivit\u00e1s\u00e1t.<\/p>\n<h2 id=\"se2\">f\u0171r\u00e9szszalagok szervizel\u00e9se<\/h2>\n<p>F\u0171r\u00e9szszalagok eset\u00e9ben a megfelel\u0151 karbantart\u00e1s m\u00e9g nagyobb hat\u00e1ssal van a v\u00e1g\u00e1si teljes\u00edtm\u00e9nyre mint a k\u00f6rf\u0171r\u00e9szekn\u00e9l. \u00dcgyfeleinknek rendszeres szervizel\u00e9st \u00e9s sz\u00e1ll\u00edt\u00e1st k\u00edn\u00e1lunk. Reped\u00e9sek kihegeszt\u00e9s\u00e9t, egyenget\u00e9st, hengerl\u00e9st, fogak \u00fajrav\u00e1g\u00e1s\u00e1t, k\u00f6sz\u00f6r\u00fcl\u00e9st, duzzaszt\u00e1st \u00e9s sztellitez\u00e9st v\u00e9gez\u00fcnk. F\u0171r\u00e9szszallagjai hengerl\u00e9se CNC vez\u00e9rl\u00e9s\u0171 g\u00e9peken t\u00f6rt\u00e9nik pontosan a k\u00f6vetelm\u00e9nyei alapj\u00e1n. Ezek a g\u00e9pek 0,02 mm-es pontoss\u00e1got \u00e9rnek el, amit k\u00e9zi g\u00e9pekkel lehetetlen el\u00e9rni. Ez biztos\u00edtja, hogy szalagjai min- dig pontosan fognak \u00fclni a kerekek koron\u00e1j\u00e1n \u00e9s maxim\u00e1lis teljes\u00edtm\u00e9nyt fognak ny\u00fajtani. CNC vez\u00e9relt k\u00f6sz\u00f6r\u0171g\u00e9peinken b\u00e1rmilyen fogprofil \u00fajra\u00e9lezhet\u0151 bele\u00e9rtve a t\u00e9li fogat is. A sztellitez\u00e9s ISELI t\u00edpus\u00fa g\u00e9peke t\u00f6rt\u00e9nik. Term\u00e9szetesen ugyan \u00fagy, ahogy a k\u00f6rf\u0171r\u00e9szek eset\u00e9ben is a jav\u00edt\u00e1s effektivit\u00e1s\u00e1t fel\u00fclb\u00edr\u00e1ljuk. Amennyiben k\u00e9telyek mer\u00fcln\u00e9nek fel az \u00fcgyf\u00e9llel val\u00f3 konzult\u00e1l\u00e1s ut\u00e1n az adott szersz\u00e1mot kiselejtezz\u00fck.<\/p>\n<p><img loading=\"lazy\" class=\"size-full wp-image-185 aligncenter\" src=\"http:\/\/cedro.sk\/wp-content\/uploads\/2017\/02\/se2.jpg\" alt=\"\" width=\"782\" height=\"464\" srcset=\"https:\/\/cedro.sk\/wp-content\/uploads\/2017\/02\/se2.jpg 782w, https:\/\/cedro.sk\/wp-content\/uploads\/2017\/02\/se2-300x178.jpg 300w, https:\/\/cedro.sk\/wp-content\/uploads\/2017\/02\/se2-768x456.jpg 768w, https:\/\/cedro.sk\/wp-content\/uploads\/2017\/02\/se2-508x301.jpg 508w\" sizes=\"(max-width: 782px) 100vw, 782px\" \/><\/p>\n<h2 id=\"se3\">Gatterlapok szervizel\u00e9se<\/h2>\n<p><img loading=\"lazy\" class=\"alignright size-full wp-image-184\" src=\"http:\/\/cedro.sk\/wp-content\/uploads\/2017\/02\/se3.jpg\" alt=\"\" width=\"283\" height=\"316\" srcset=\"https:\/\/cedro.sk\/wp-content\/uploads\/2017\/02\/se3.jpg 283w, https:\/\/cedro.sk\/wp-content\/uploads\/2017\/02\/se3-269x300.jpg 269w\" sizes=\"(max-width: 283px) 100vw, 283px\" \/>A gatterlapok szervizel\u00e9se mag\u00e1ba foglalja azok tiszt\u00edt\u00e1s\u00e1t, \u00e9lez\u00e9s\u00e9t, egyenget\u00e9s\u00e9t, hengerl\u00e9s\u00e9t \u00e9s sztellitez\u00e9s\u00e9t. Az \u00fcgyf\u00e9l d\u00f6nti el melyik oper\u00e1ci\u00f3k kivitelez\u00e9s\u00e9t rendeli meg n\u00e1lunk.<\/p>\n<h2 id=\"se4\">Mar\u00f3k \u00e9s k\u00e9sek szervizel\u00e9se<\/h2>\n<p><img loading=\"lazy\" class=\"alignleft size-full wp-image-183\" src=\"http:\/\/cedro.sk\/wp-content\/uploads\/2017\/02\/se4.jpg\" alt=\"\" width=\"304\" height=\"522\" srcset=\"https:\/\/cedro.sk\/wp-content\/uploads\/2017\/02\/se4.jpg 304w, https:\/\/cedro.sk\/wp-content\/uploads\/2017\/02\/se4-175x300.jpg 175w\" sizes=\"(max-width: 304px) 100vw, 304px\" \/><\/p>\n<p>Mar\u00f3szersz\u00e1mokat \u00fczleti partnereink \u00e9lezik. Kit\u00f6rt fogak, vagy az eg\u00e9sz szersz\u00e1m renov\u00e1l\u00e1sa is lehets\u00e9ges. Gyaluk\u00e9sek, apr\u00edt\u00f3k\u00e9sek, \u0151rl\u0151k\u00e9sek \u00e9lez\u00e9s\u00e9t v\u00e1llaljuk.\u00a0<\/p>\n<p>&nbsp;<\/p>\n<p>&nbsp;<\/p>\n<p>&nbsp;<\/p>\n<p>&nbsp;<\/p>\n<p>&nbsp;<\/p>\n<p>&nbsp;<\/p>\n<p>&nbsp;<\/p>\n<p>&nbsp;<\/p>\n<p>&nbsp;<\/p>\n<p>&nbsp;<\/p>\n<p>&nbsp;<\/p>\n<p>Minden jav\u00edtott szersz\u00e1m eset\u00e9ben el\u0151sz\u00f6r meg\u00edt\u00e9lj\u00fck a munk\u00e1latok kifizet\u0151d\u00e9s\u00e9t. Csakis azokat a szersz\u00e1mokat jav\u00edtjuk meg, ahol az meg\u00e9ri.\u00a0Amennyiben term\u00e9kkatal\u00f3gusunkban nem tal\u00e1lta meg a keresett term\u00e9ket, k\u00e9rj\u00fck ne habozzon \u00e9rtes\u00edteni ter\u00fcleti k\u00e9pvisel\u0151j\u00e9t. Gy\u00e1rt\u00e1si lehet\u0151s\u00e9geinkhez m\u00e9rten meg\u00edt\u00e9lj\u00fck a k\u00e9rt term\u00e9k legy\u00e1rthat\u00f3s\u00e1g\u00e1t.<\/p>\n<p><\/p>","protected":false},"excerpt":{"rendered":"<p>Mint gy\u00e1rt\u00f3 els\u0151 oszt\u00e1ly\u00fa szervizel\u00e9st v\u00e1llalunk az \u00e1ltalunk, vagy m\u00e1s termel\u0151 \u00e1ltal k\u00e9zbes\u00edtett szersz\u00e1mokra. K\u00f6rf\u0171r\u00e9szek szervizel\u00e9se Minden k\u00f6rf\u0171r\u00e9szt sz\u00fcks\u00e9ges rendszeresen karbantartani. Tiszt\u00edtani, \u00fajra\u00e9lezni, egyengetni, hengerelni \u00e9s a fogokat cser\u00e9lni. Amikor a zsugor\u00edtott karbid fogak m\u00e1r t\u00fal kicsik, helyettes\u00edteni kell \u00fajakkal. Az \u00e9lez\u00e9st modern CNC g\u00e9peken v\u00e9gezz\u00fck olajh\u0171t\u00e9ssel. A forraszt\u00e1s speci\u00e1lis CNC vez\u00e9relt automat\u00e1kkal t\u00f6rt\u00e9nik. Ez\u00e1ltal [&hellip;]<\/p>\n","protected":false},"author":1,"featured_media":178,"parent":0,"menu_order":70,"comment_status":"closed","ping_status":"closed","template":"","meta":[],"_links":{"self":[{"href":"https:\/\/cedro.sk\/hu\/wp-json\/wp\/v2\/pages\/161"}],"collection":[{"href":"https:\/\/cedro.sk\/hu\/wp-json\/wp\/v2\/pages"}],"about":[{"href":"https:\/\/cedro.sk\/hu\/wp-json\/wp\/v2\/types\/page"}],"author":[{"embeddable":true,"href":"https:\/\/cedro.sk\/hu\/wp-json\/wp\/v2\/users\/1"}],"replies":[{"embeddable":true,"href":"https:\/\/cedro.sk\/hu\/wp-json\/wp\/v2\/comments?post=161"}],"version-history":[{"count":24,"href":"https:\/\/cedro.sk\/hu\/wp-json\/wp\/v2\/pages\/161\/revisions"}],"predecessor-version":[{"id":540,"href":"https:\/\/cedro.sk\/hu\/wp-json\/wp\/v2\/pages\/161\/revisions\/540"}],"wp:featuredmedia":[{"embeddable":true,"href":"https:\/\/cedro.sk\/hu\/wp-json\/wp\/v2\/media\/178"}],"wp:attachment":[{"href":"https:\/\/cedro.sk\/hu\/wp-json\/wp\/v2\/media?parent=161"}],"curies":[{"name":"wp","href":"https:\/\/api.w.org\/{rel}","templated":true}]}}