{"id":15,"date":"2017-02-09T11:22:20","date_gmt":"2017-02-09T10:22:20","guid":{"rendered":"http:\/\/cedro.sk\/?page_id=15"},"modified":"2023-10-27T14:32:28","modified_gmt":"2023-10-27T12:32:28","slug":"pilove-pasy","status":"publish","type":"page","link":"https:\/\/cedro.sk\/hu\/pilove-pasy\/","title":{"rendered":"Szalagf\u0171r\u00e9szek"},"content":{"rendered":"<p><\/p>\n<h2>Keskeny szalagf\u0171r\u00e9szek 50 mm-ig<\/h2>\n<p>Kis mobil g\u00e9peken haszn\u00e1latosak mint pl. Wood-mizer, Pilous. A v\u00e1g\u00f3\u00e9l \u00e9lettartama edz\u00e9ssel, sztellitez\u00e9ssel n\u00f6velhet\u0151. K\u00f6tegben esetleg v\u00e9gtelen\u00edtett \u00e1llapotban k\u00edn\u00e1ljuk. A fogak lehetnek alap \u00e1llapotban, terpesztett, terpesztett-edzett esetleg sztellitezett. A szab- v\u00e1nyos fogalak WM.<\/p>\n<p><span style=\"font-size: 10pt;\">Speci\u00e1lis m\u00e9retek, alakok k\u00e9r\u00e9sre.<\/span><\/p>\n<table style=\"height: 133px; background-color: #1a9160;\" width=\"884\">\n<tbody>\n<tr>\n<td style=\"width: 294px; text-align: center;\"><strong><span style=\"color: #000000;\">sz\u00e9less\u00e9g&nbsp;&#8211; b&nbsp;[mm]<\/span><\/strong><\/td>\n<td style=\"width: 294px; text-align: center;\"><strong><span style=\"color: #000000;\">fogoszt\u00e1s&nbsp;&#8211; t&nbsp;[mm]<\/span><\/strong><\/td>\n<td style=\"width: 294px; text-align: center;\"><strong><span style=\"color: #000000;\">laptest &#8211; s [mm]<\/span><\/strong><\/td>\n<\/tr>\n<tr style=\"height: 22px;\">\n<td style=\"width: 185.469px; text-align: center; height: 22px;\">32<\/td>\n<td style=\"width: 183.625px; text-align: center; height: 158px;\" rowspan=\"6\">22 \/ 25<\/td>\n<td style=\"width: 188.906px; text-align: center; height: 22px;\">1,0 \/ 1,1 \/ 1,4<\/td>\n<\/tr>\n<tr style=\"height: 24px;\">\n<td style=\"width: 185.469px; text-align: center; height: 24px;\">35<\/td>\n<td style=\"width: 188.906px; text-align: center; height: 24px;\">1,0 \/ 1,1<\/td>\n<\/tr>\n<tr style=\"height: 24px;\">\n<td style=\"width: 185.469px; text-align: center; height: 24px;\">38<\/td>\n<td style=\"width: 188.906px; text-align: center; height: 24px;\">1,14 \/ 1,26 \/ 1,4<\/td>\n<\/tr>\n<tr style=\"height: 22px;\">\n<td style=\"width: 185.469px; text-align: center; height: 22px;\">40<\/td>\n<td style=\"width: 188.906px; text-align: center; height: 22px;\">1,0 \/ 1,1<\/td>\n<\/tr>\n<tr style=\"height: 22px;\">\n<td style=\"width: 185.469px; text-align: center; height: 22px;\">45<\/td>\n<td style=\"width: 188.906px; text-align: center; height: 22px;\">1,0 \/ 1,1<\/td>\n<\/tr>\n<tr style=\"height: 22px;\">\n<td style=\"width: 185.469px; text-align: center; height: 22px;\">50<\/td>\n<td style=\"width: 188.906px; text-align: center; height: 22px;\">1,0 \/ 1,1<\/td>\n<\/tr>\n<\/tbody>\n<\/table>\n<p><img loading=\"lazy\" class=\"size-full wp-image-82 aligncenter\" src=\"http:\/\/cedro.sk\/wp-content\/uploads\/2017\/02\/pp1_obrazok.jpg\" alt=\"\" width=\"810\" height=\"388\" srcset=\"https:\/\/cedro.sk\/wp-content\/uploads\/2017\/02\/pp1_obrazok.jpg 810w, https:\/\/cedro.sk\/wp-content\/uploads\/2017\/02\/pp1_obrazok-300x144.jpg 300w, https:\/\/cedro.sk\/wp-content\/uploads\/2017\/02\/pp1_obrazok-768x368.jpg 768w, https:\/\/cedro.sk\/wp-content\/uploads\/2017\/02\/pp1_obrazok-508x243.jpg 508w\" sizes=\"(max-width: 810px) 100vw, 810px\" \/><\/p>\n<h2 id=\"pp2\">Terpesztett szalagf\u0171r\u00e9szek<\/h2>\n<p>A terpesztett szalagf\u0171r\u00e9szek legink\u00e1bb kisebb f\u0171r\u00e9sz\u00fczemekben haszn\u00e1latosak. El\u0151ny\u00fck az alacsony \u00e1r \u00e9s a kis szervizel\u00e9si k\u00f6lts\u00e9gek. Karbantart\u00e1sukat mindenki el tudja v\u00e9gezni maga. A piac valamint a min\u0151s\u00e9g jelen k\u00f6vetelm\u00e9nyei folyamatosan kiszor\u00edtj\u00e1k ezeket a t\u00edpus\u00fa szersz\u00e1mokat \u00e9s a felhaszn\u00e1l\u00f3k fokozatosan \u00e1tt\u00e9rnek a duzzasztott vagy sztellitezett szalagf\u0171r\u00e9szekre.<\/p>\n<p><span style=\"font-size: 10pt;\">Speci\u00e1lis m\u00e9retek, alakok k\u00e9r\u00e9sre.<\/span><img loading=\"lazy\" class=\"size-full wp-image-83 aligncenter\" src=\"http:\/\/cedro.sk\/wp-content\/uploads\/2017\/02\/pp2.jpg\" alt=\"\" width=\"812\" height=\"415\" srcset=\"https:\/\/cedro.sk\/wp-content\/uploads\/2017\/02\/pp2.jpg 812w, https:\/\/cedro.sk\/wp-content\/uploads\/2017\/02\/pp2-300x153.jpg 300w, https:\/\/cedro.sk\/wp-content\/uploads\/2017\/02\/pp2-768x393.jpg 768w, https:\/\/cedro.sk\/wp-content\/uploads\/2017\/02\/pp2-508x260.jpg 508w\" sizes=\"(max-width: 812px) 100vw, 812px\" \/><\/p>\n<h2 id=\"pp3\">Duzzasztott szalagf\u0171r\u00e9szek<\/h2>\n<p>A duzzasztott szalagf\u0171r\u00e9szek a v\u00e1g\u00f3\u00e9l tart\u00f3ss\u00e1ga szempontj\u00e1b\u00f3l valahol a terpesz- tett \u00e9s a sztellitezett k\u00f6z\u00f6tt vannak. Magasabb v\u00e1g\u00e1si teljes\u00edtm\u00e9ny \u00e9s jobb fel\u00fclet \u00e9rhet\u0151 el mint terpesztett szalaggal. A legt\u00f6bb felhaszn\u00e1l\u00f3 k\u00e9pes saj\u00e1t maga szervizelni, ez\u00e1ltal alacsonyabbak a kiad\u00e1saik mint a sztellitezett szalagok eset\u00e9n. Nem \u00e9rik el azonban a szetellitezett szalagok teljes\u00edtm\u00e9ny\u00e9t. Az \u00faj szalagokat v\u00e1g\u00e1sra k\u00e9sz \u00e1llapotban sz\u00e1ll\u00edtjuk hengerelt, duzzasztott \u00e9s prec\u00edzen \u00e9lezett \u00e1llapotban.<\/p>\n<p><span style=\"font-size: 10pt;\">Speci\u00e1lis m\u00e9retek, alakok k\u00e9r\u00e9sre.<\/span><img loading=\"lazy\" class=\"size-full wp-image-84 aligncenter\" src=\"http:\/\/cedro.sk\/wp-content\/uploads\/2017\/02\/pp3.jpg\" alt=\"\" width=\"800\" height=\"336\" srcset=\"https:\/\/cedro.sk\/wp-content\/uploads\/2017\/02\/pp3.jpg 800w, https:\/\/cedro.sk\/wp-content\/uploads\/2017\/02\/pp3-300x126.jpg 300w, https:\/\/cedro.sk\/wp-content\/uploads\/2017\/02\/pp3-768x323.jpg 768w, https:\/\/cedro.sk\/wp-content\/uploads\/2017\/02\/pp3-508x213.jpg 508w\" sizes=\"(max-width: 800px) 100vw, 800px\" \/><\/p>\n<h2 id=\"pp4\">Sztellitezett szalagf\u0171r\u00e9szek<\/h2>\n<p>A szalagf\u0171r\u00e9sz tart\u00f3ss\u00e1ga jelent\u0151sen sztellitezett fogakkal n\u00f6velhet\u0151, melyek az alapanyagra vannak hegesztve. A megfelel\u0151 \u00e9lez\u00e9s betart\u00e1sa mellett a legjobb v\u00e1g\u00e1si teljes\u00edtm\u00e9nyt produk\u00e1lj\u00e1k.<\/p>\n<p><span style=\"font-size: 10pt;\">Speci\u00e1lis m\u00e9retek, alakok k\u00e9r\u00e9sre.<\/span><\/p>\n<table style=\"height: 133px; background-color: #1a9160;\" width=\"884\">\n<tbody>\n<tr style=\"height: 22px;\">\n<td style=\"width: 294px; text-align: center; height: 22px;\"><strong><span style=\"color: #000000;\">sz\u00e9less\u00e9g&nbsp;&#8211; b&nbsp;[mm]<\/span><\/strong><\/td>\n<td style=\"width: 294px; text-align: center; height: 22px;\"><strong><span style=\"color: #000000;\">fogoszt\u00e1s&nbsp;&#8211; t&nbsp;[mm]<\/span><\/strong><\/td>\n<td style=\"width: 294px; text-align: center; height: 22px;\"><strong><span style=\"color: #000000;\">laptest &#8211; s [mm]<\/span><\/strong><\/td>\n<\/tr>\n<tr style=\"height: 22px;\">\n<td style=\"width: 294px; text-align: center; height: 22px;\">60<\/td>\n<td style=\"width: 294px; text-align: center; height: 352px;\" rowspan=\"16\">20&nbsp;\/ 25 \/ 30&nbsp;\/ 35\/&nbsp;40 \/45 \/50 \/ 55 \/ 60<br \/>\nvario<\/td>\n<td style=\"width: 294px; text-align: center; height: 22px;\">0,8<\/td>\n<\/tr>\n<tr style=\"height: 22px;\">\n<td style=\"width: 294px; text-align: center; height: 22px;\">60<\/td>\n<td style=\"width: 294px; text-align: center; height: 22px;\">1,0<\/td>\n<\/tr>\n<tr style=\"height: 22px;\">\n<td style=\"width: 294px; text-align: center; height: 22px;\">80<\/td>\n<td style=\"width: 294px; text-align: center; height: 22px;\">1,0<\/td>\n<\/tr>\n<tr style=\"height: 22px;\">\n<td style=\"width: 294px; text-align: center; height: 22px;\">90<\/td>\n<td style=\"width: 294px; text-align: center; height: 22px;\">1,1<\/td>\n<\/tr>\n<tr style=\"height: 22px;\">\n<td style=\"width: 294px; text-align: center; height: 22px;\">100<\/td>\n<td style=\"width: 294px; text-align: center; height: 22px;\">0,8 \/ 0,9 \/ 1,0 \/ 1,1<\/td>\n<\/tr>\n<tr style=\"height: 22px;\">\n<td style=\"width: 294px; text-align: center; height: 22px;\">110<\/td>\n<td style=\"width: 294px; text-align: center; height: 22px;\">0,9 \/ 1,1 \/ 1,2<\/td>\n<\/tr>\n<tr style=\"height: 22px;\">\n<td style=\"width: 294px; text-align: center; height: 22px;\">120<\/td>\n<td style=\"width: 294px; text-align: center; height: 22px;\">1,1 \/ 1,2<\/td>\n<\/tr>\n<tr style=\"height: 22px;\">\n<td style=\"width: 294px; text-align: center; height: 22px;\">130<\/td>\n<td style=\"width: 294px; text-align: center; height: 22px;\">1,2<\/td>\n<\/tr>\n<tr style=\"height: 22px;\">\n<td style=\"width: 294px; text-align: center; height: 22px;\">140<\/td>\n<td style=\"width: 294px; text-align: center; height: 22px;\">1,2<\/td>\n<\/tr>\n<tr style=\"height: 22px;\">\n<td style=\"width: 294px; text-align: center; height: 22px;\">150<\/td>\n<td style=\"width: 294px; text-align: center; height: 22px;\">1,2<\/td>\n<\/tr>\n<tr style=\"height: 22px;\">\n<td style=\"width: 294px; text-align: center; height: 22px;\">160<\/td>\n<td style=\"width: 294px; text-align: center; height: 22px;\">1,2 \/ 1,25<\/td>\n<\/tr>\n<tr style=\"height: 22px;\">\n<td style=\"width: 294px; text-align: center; height: 22px;\">180<\/td>\n<td style=\"width: 294px; text-align: center; height: 22px;\">1,6<\/td>\n<\/tr>\n<tr style=\"height: 22px;\">\n<td style=\"width: 294px; text-align: center; height: 22px;\">181<\/td>\n<td style=\"width: 294px; text-align: center; height: 22px;\">1,25 \/ 1,47<\/td>\n<\/tr>\n<tr style=\"height: 22px;\">\n<td style=\"width: 294px; text-align: center; height: 22px;\">206<\/td>\n<td style=\"width: 294px; text-align: center; height: 22px;\">1,47<\/td>\n<\/tr>\n<tr style=\"height: 22px;\">\n<td style=\"width: 294px; text-align: center; height: 22px;\">260<\/td>\n<td style=\"width: 294px; text-align: center; height: 22px;\">1,47 \/ 1,65<\/td>\n<\/tr>\n<tr style=\"height: 22px;\">\n<td style=\"width: 294px; text-align: center; height: 22px;\">290<\/td>\n<td style=\"width: 294px; text-align: center; height: 22px;\">1,65<\/td>\n<\/tr>\n<\/tbody>\n<\/table>\n<p><img loading=\"lazy\" class=\"size-full wp-image-86 aligncenter\" src=\"http:\/\/cedro.sk\/wp-content\/uploads\/2017\/02\/pp4_obrazok.jpg\" alt=\"\" width=\"799\" height=\"272\" srcset=\"https:\/\/cedro.sk\/wp-content\/uploads\/2017\/02\/pp4_obrazok.jpg 799w, https:\/\/cedro.sk\/wp-content\/uploads\/2017\/02\/pp4_obrazok-300x102.jpg 300w, https:\/\/cedro.sk\/wp-content\/uploads\/2017\/02\/pp4_obrazok-768x261.jpg 768w, https:\/\/cedro.sk\/wp-content\/uploads\/2017\/02\/pp4_obrazok-508x173.jpg 508w\" sizes=\"(max-width: 799px) 100vw, 799px\" \/><\/p>\n<p><\/p>","protected":false},"excerpt":{"rendered":"<p>Keskeny szalagf\u0171r\u00e9szek 50 mm-ig Kis mobil g\u00e9peken haszn\u00e1latosak mint pl. Wood-mizer, Pilous. A v\u00e1g\u00f3\u00e9l \u00e9lettartama edz\u00e9ssel, sztellitez\u00e9ssel n\u00f6velhet\u0151. K\u00f6tegben esetleg v\u00e9gtelen\u00edtett \u00e1llapotban k\u00edn\u00e1ljuk. A fogak lehetnek alap \u00e1llapotban, terpesztett, terpesztett-edzett esetleg sztellitezett. A szab- v\u00e1nyos fogalak WM. Speci\u00e1lis m\u00e9retek, alakok k\u00e9r\u00e9sre. sz\u00e9less\u00e9g&nbsp;&#8211; b&nbsp;[mm] fogoszt\u00e1s&nbsp;&#8211; t&nbsp;[mm] laptest &#8211; s [mm] 32 22 \/ 25 1,0 \/ [&hellip;]<\/p>\n","protected":false},"author":1,"featured_media":173,"parent":0,"menu_order":30,"comment_status":"closed","ping_status":"closed","template":"","meta":[],"_links":{"self":[{"href":"https:\/\/cedro.sk\/hu\/wp-json\/wp\/v2\/pages\/15"}],"collection":[{"href":"https:\/\/cedro.sk\/hu\/wp-json\/wp\/v2\/pages"}],"about":[{"href":"https:\/\/cedro.sk\/hu\/wp-json\/wp\/v2\/types\/page"}],"author":[{"embeddable":true,"href":"https:\/\/cedro.sk\/hu\/wp-json\/wp\/v2\/users\/1"}],"replies":[{"embeddable":true,"href":"https:\/\/cedro.sk\/hu\/wp-json\/wp\/v2\/comments?post=15"}],"version-history":[{"count":53,"href":"https:\/\/cedro.sk\/hu\/wp-json\/wp\/v2\/pages\/15\/revisions"}],"predecessor-version":[{"id":838,"href":"https:\/\/cedro.sk\/hu\/wp-json\/wp\/v2\/pages\/15\/revisions\/838"}],"wp:featuredmedia":[{"embeddable":true,"href":"https:\/\/cedro.sk\/hu\/wp-json\/wp\/v2\/media\/173"}],"wp:attachment":[{"href":"https:\/\/cedro.sk\/hu\/wp-json\/wp\/v2\/media?parent=15"}],"curies":[{"name":"wp","href":"https:\/\/api.w.org\/{rel}","templated":true}]}}