{"id":13,"date":"2017-02-09T11:09:58","date_gmt":"2017-02-09T10:09:58","guid":{"rendered":"http:\/\/cedro.sk\/?page_id=13"},"modified":"2017-10-16T12:40:25","modified_gmt":"2017-10-16T10:40:25","slug":"pilove-listy","status":"publish","type":"page","link":"https:\/\/cedro.sk\/hu\/pilove-listy\/","title":{"rendered":"Gatterlapok"},"content":{"rendered":"<p><\/p>\n<h2>Terpeszthet\u0151 gatterlapok<\/h2>\n<p>Viszonylag olcs\u00f3, egyszer\u0171 fel\u00e9p\u00edt\u00e9s\u0171 szersz\u00e1mok, alacsony gy\u00e1rt\u00e1si ig\u00e9ny\u0171ek. \u00c9let- tartamuk kem\u00e9ny kr\u00f3mozott fel\u00fclet haszn\u00e1lata \u00e1ltal hoszabb\u00edtath\u00f3 meg, mely n\u00f6veli a v\u00e1g\u00f3\u00e9l tart\u00f3ss\u00e1g\u00e1t, \u00e9s v\u00e9di a szersz\u00e1mot az oxid\u00e1ci\u00f3val szemben. \u00dcgyfeleinknek nyers \u00e1llapotban adjuk a gatterlapokat tetsz\u0151leges fogalakkal \u00e9s oszt\u00e1ssal, vagy a lejjebb\u00a0felt\u00fcntetett \u00e1br\u00e1n standard fogform\u00e1kkal. K\u00e9r\u00e9sre v\u00e1llaljuk a gatterlapok professzion\u00e1lis terpeszt\u00e9s\u00e9t, \u00e9lez\u00e9s\u00e9t.<\/p>\n<p><img loading=\"lazy\" class=\"size-full wp-image-372 aligncenter\" src=\"http:\/\/cedro.sk\/wp-content\/uploads\/2017\/02\/srank.jpg\" alt=\"\" width=\"9053\" height=\"2153\" srcset=\"https:\/\/cedro.sk\/wp-content\/uploads\/2017\/02\/srank.jpg 9053w, https:\/\/cedro.sk\/wp-content\/uploads\/2017\/02\/srank-300x71.jpg 300w, https:\/\/cedro.sk\/wp-content\/uploads\/2017\/02\/srank-768x183.jpg 768w, https:\/\/cedro.sk\/wp-content\/uploads\/2017\/02\/srank-1024x244.jpg 1024w, https:\/\/cedro.sk\/wp-content\/uploads\/2017\/02\/srank-1240x295.jpg 1240w, https:\/\/cedro.sk\/wp-content\/uploads\/2017\/02\/srank-508x121.jpg 508w\" sizes=\"(max-width: 9053px) 100vw, 9053px\" \/><\/p>\n<p>&nbsp;<\/p>\n<h2><img loading=\"lazy\" class=\" wp-image-373 aligncenter\" src=\"http:\/\/cedro.sk\/wp-content\/uploads\/2017\/02\/pv.jpg\" alt=\"\" width=\"374\" height=\"178\" srcset=\"https:\/\/cedro.sk\/wp-content\/uploads\/2017\/02\/pv.jpg 2388w, https:\/\/cedro.sk\/wp-content\/uploads\/2017\/02\/pv-300x143.jpg 300w, https:\/\/cedro.sk\/wp-content\/uploads\/2017\/02\/pv-768x366.jpg 768w, https:\/\/cedro.sk\/wp-content\/uploads\/2017\/02\/pv-1024x488.jpg 1024w, https:\/\/cedro.sk\/wp-content\/uploads\/2017\/02\/pv-1240x590.jpg 1240w, https:\/\/cedro.sk\/wp-content\/uploads\/2017\/02\/pv-508x242.jpg 508w\" sizes=\"(max-width: 374px) 100vw, 374px\" \/><\/h2>\n<h2 id=\"pl2\">Sztellitezett gatterlapok<\/h2>\n<p>A sztellitezett gatterlapok el\u0151nye, hogy nagyobb a v\u00e1g\u00f3\u00e9l \u00e9lettartamuk, min\u0151s\u00e9gibb v\u00e1g\u00e1si fel\u00fcletet produk\u00e1lnak. H\u00e1tr\u00e1nyuk, hogy nagyobb teljes\u00edtm\u00e9ny\u0171 g\u00e9pek sz\u00fcks\u00e9gesek, mivel nagy a v\u00e1g\u00e1si ellen\u00e1ll\u00e1suk. Ezeket a gatterlapokat a lenti\u00a0\u00e1br\u00e1n felt\u00fcntetett fogalakokkal k\u00edn\u00e1ljuk az al\u00e1bbi fogoszt\u00e1sok mellett: 25, 26, 28, 30 \u00e9s 35 mm. A sztellit oldals\u00f3 \u00e1tfed\u00e9se szabv\u00e1nyosan 0,95 mm.<\/p>\n<p><img loading=\"lazy\" class=\"size-full wp-image-374 aligncenter\" src=\"http:\/\/cedro.sk\/wp-content\/uploads\/2017\/02\/stelit.jpg\" alt=\"\" width=\"5148\" height=\"1224\" srcset=\"https:\/\/cedro.sk\/wp-content\/uploads\/2017\/02\/stelit.jpg 5148w, https:\/\/cedro.sk\/wp-content\/uploads\/2017\/02\/stelit-300x71.jpg 300w, https:\/\/cedro.sk\/wp-content\/uploads\/2017\/02\/stelit-768x183.jpg 768w, https:\/\/cedro.sk\/wp-content\/uploads\/2017\/02\/stelit-1024x243.jpg 1024w, https:\/\/cedro.sk\/wp-content\/uploads\/2017\/02\/stelit-1240x295.jpg 1240w, https:\/\/cedro.sk\/wp-content\/uploads\/2017\/02\/stelit-508x121.jpg 508w\" sizes=\"(max-width: 5148px) 100vw, 5148px\" \/><\/p>\n<p>&nbsp;<\/p>\n<h2 id=\"pl3\">Minigatterlapok<\/h2>\n<p>\n Sz\u00e9les k\u00f6rben k\u00edn\u00e1lunk minigat- terlapokat. \u00dcgyfeleink sz\u00fcks\u00e9gleteit\u0151l f\u00fcgg\u0151en gy\u00e1rtjuk le a megfelel\u0151 alakkal, m\u00e9retekkel legf\u0151k\u00e9ppen Wintersteiger g\u00e9pekbe. Olyan ac\u00e9lszalagb\u00f3l k\u00e9sz\u00fclnek, melyek f\u0171r\u00e9szszalagjaink alapa- nyag\u00e1ul szolg\u00e1lnak. A fogak sztellitezettek. A fogprofil, fogoszt\u00e1s teljes m\u00e9rt\u00e9kben testre szabhat\u00f3 az \u00fcgyf\u00e9l ig\u00e9nyeinek f\u00fcggv\u00e9ny\u00e9ben.<\/p>\n<p><img loading=\"lazy\" class=\"size-full wp-image-376 aligncenter\" src=\"http:\/\/cedro.sk\/wp-content\/uploads\/2017\/02\/mini.jpeg\" alt=\"\" width=\"3828\" height=\"744\" srcset=\"https:\/\/cedro.sk\/wp-content\/uploads\/2017\/02\/mini.jpeg 3828w, https:\/\/cedro.sk\/wp-content\/uploads\/2017\/02\/mini-300x58.jpeg 300w, https:\/\/cedro.sk\/wp-content\/uploads\/2017\/02\/mini-768x149.jpeg 768w, https:\/\/cedro.sk\/wp-content\/uploads\/2017\/02\/mini-1024x199.jpeg 1024w, https:\/\/cedro.sk\/wp-content\/uploads\/2017\/02\/mini-1240x241.jpeg 1240w, https:\/\/cedro.sk\/wp-content\/uploads\/2017\/02\/mini-508x99.jpeg 508w\" sizes=\"(max-width: 3828px) 100vw, 3828px\" \/><\/p>\n<p><\/p>","protected":false},"excerpt":{"rendered":"<p>Terpeszthet\u0151 gatterlapok Viszonylag olcs\u00f3, egyszer\u0171 fel\u00e9p\u00edt\u00e9s\u0171 szersz\u00e1mok, alacsony gy\u00e1rt\u00e1si ig\u00e9ny\u0171ek. \u00c9let- tartamuk kem\u00e9ny kr\u00f3mozott fel\u00fclet haszn\u00e1lata \u00e1ltal hoszabb\u00edtath\u00f3 meg, mely n\u00f6veli a v\u00e1g\u00f3\u00e9l tart\u00f3ss\u00e1g\u00e1t, \u00e9s v\u00e9di a szersz\u00e1mot az oxid\u00e1ci\u00f3val szemben. \u00dcgyfeleinknek nyers \u00e1llapotban adjuk a gatterlapokat tetsz\u0151leges fogalakkal \u00e9s oszt\u00e1ssal, vagy a lejjebb\u00a0felt\u00fcntetett \u00e1br\u00e1n standard fogform\u00e1kkal. K\u00e9r\u00e9sre v\u00e1llaljuk a gatterlapok professzion\u00e1lis terpeszt\u00e9s\u00e9t, \u00e9lez\u00e9s\u00e9t. &nbsp; [&hellip;]<\/p>\n","protected":false},"author":1,"featured_media":174,"parent":0,"menu_order":20,"comment_status":"closed","ping_status":"closed","template":"","meta":[],"_links":{"self":[{"href":"https:\/\/cedro.sk\/hu\/wp-json\/wp\/v2\/pages\/13"}],"collection":[{"href":"https:\/\/cedro.sk\/hu\/wp-json\/wp\/v2\/pages"}],"about":[{"href":"https:\/\/cedro.sk\/hu\/wp-json\/wp\/v2\/types\/page"}],"author":[{"embeddable":true,"href":"https:\/\/cedro.sk\/hu\/wp-json\/wp\/v2\/users\/1"}],"replies":[{"embeddable":true,"href":"https:\/\/cedro.sk\/hu\/wp-json\/wp\/v2\/comments?post=13"}],"version-history":[{"count":35,"href":"https:\/\/cedro.sk\/hu\/wp-json\/wp\/v2\/pages\/13\/revisions"}],"predecessor-version":[{"id":510,"href":"https:\/\/cedro.sk\/hu\/wp-json\/wp\/v2\/pages\/13\/revisions\/510"}],"wp:featuredmedia":[{"embeddable":true,"href":"https:\/\/cedro.sk\/hu\/wp-json\/wp\/v2\/media\/174"}],"wp:attachment":[{"href":"https:\/\/cedro.sk\/hu\/wp-json\/wp\/v2\/media?parent=13"}],"curies":[{"name":"wp","href":"https:\/\/api.w.org\/{rel}","templated":true}]}}